{"id":700,"date":"2023-05-15T18:36:20","date_gmt":"2023-05-15T16:36:20","guid":{"rendered":"https:\/\/hs-sophienstrasse.de\/?page_id=700"},"modified":"2024-11-12T18:54:55","modified_gmt":"2024-11-12T17:54:55","slug":"theater-fieber","status":"publish","type":"page","link":"https:\/\/hs-sophienstrasse.de\/index.php\/theater-fieber\/","title":{"rendered":"Theater.Fieber"},"content":{"rendered":"\t\t<div data-elementor-type=\"wp-page\" data-elementor-id=\"700\" class=\"elementor elementor-700\" data-elementor-post-type=\"page\">\n\t\t\t\t\t\t<section class=\"elementor-section elementor-top-section elementor-element elementor-element-de4320f elementor-section-boxed elementor-section-height-default elementor-section-height-default\" data-id=\"de4320f\" data-element_type=\"section\" data-settings=\"{&quot;background_background&quot;:&quot;classic&quot;}\">\n\t\t\t\t\t\t<div class=\"elementor-container elementor-column-gap-no\">\n\t\t\t\t\t<div class=\"elementor-column elementor-col-100 elementor-top-column elementor-element elementor-element-7bdf3cf\" data-id=\"7bdf3cf\" data-element_type=\"column\">\n\t\t\t<div class=\"elementor-widget-wrap elementor-element-populated\">\n\t\t\t\t\t\t<div class=\"elementor-element elementor-element-61bec78 elementor-widget elementor-widget-heading\" data-id=\"61bec78\" data-element_type=\"widget\" data-widget_type=\"heading.default\">\n\t\t\t\t<div class=\"elementor-widget-container\">\n\t\t\t\t\t<h1 class=\"elementor-heading-title elementor-size-default\">Theater.Fieber<\/h1>\t\t\t\t<\/div>\n\t\t\t\t<\/div>\n\t\t\t\t\t<\/div>\n\t\t<\/div>\n\t\t\t\t\t<\/div>\n\t\t<\/section>\n\t\t\t\t<section class=\"elementor-section elementor-top-section elementor-element elementor-element-34a55b3 elementor-section-boxed elementor-section-height-default elementor-section-height-default\" data-id=\"34a55b3\" data-element_type=\"section\" data-settings=\"{&quot;background_background&quot;:&quot;classic&quot;}\">\n\t\t\t\t\t\t<div class=\"elementor-container elementor-column-gap-no\">\n\t\t\t\t\t<div class=\"elementor-column elementor-col-100 elementor-top-column elementor-element elementor-element-6b51a29\" data-id=\"6b51a29\" data-element_type=\"column\">\n\t\t\t<div class=\"elementor-widget-wrap elementor-element-populated\">\n\t\t\t\t\t\t<div class=\"elementor-element elementor-element-82c3420 elementor-widget elementor-widget-text-editor\" data-id=\"82c3420\" data-element_type=\"widget\" data-widget_type=\"text-editor.default\">\n\t\t\t\t<div class=\"elementor-widget-container\">\n\t\t\t\t\t\t\t\t\t<p>Liebe Eltern, liebe Erziehungsberechtigte, liebe Sch\u00fclerInnen,<\/p><p>schon seit einigen Jahren arbeiten wir mit dem Staatstheater Braunschweig im Rahmen der\u00a0<em>Theater.Fieber<\/em>-Kooperation zusammen.<\/p><p class=\"has-text-align-left\">Unsere Sch\u00fclerInnen haben hierdurch die M\u00f6glichkeit, Schauspiel, Oper und Tanz kennenzulernen sowie das k\u00fcnstlerische und kulturelle Leben am Staatstheater kontinuierlich live mitzuerleben. Nicht zuletzt die M\u00f6glichkeit der Teilnahme an qualitativen Workshops zur Vor- und Nachbereitung der Theaterbesuche werden f\u00fcr Ihre Kinder angeboten. Unsere Kooperation haben wir im letzten Schuljahr weiter ausbauen k\u00f6nnen.<\/p><figure class=\"wp-block-image is-resized\"><\/figure><p>Jetzt haben wir die einmalige Chance als erste Hauptschule in Braunschweig an der Sch\u00fclerInnen-Theaterflat teilzunehmen. Das Projekt wird von der B\u00fcrgerstiftung Braunschweig unterst\u00fctzt.<\/p><p>Das hei\u00dft, Ihre Kinder haben die M\u00f6glichkeit, fernab schulischer Veranstaltungen\u00a0<strong>ab 3 Tagen vor einer Auff\u00fchrung<\/strong>\u00a0im Staatstheater nachzufragen, ob es noch\u00a0<strong>Karten<\/strong>\u00a0gibt und bekommen diese\u00a0<strong>bei Vorzeigen ihres Sch\u00fclerausweises kostenlos<\/strong>. Sie als\u00a0<strong>Eltern und Erziehungsberechtigte<\/strong>\u00a0bekommen\u00a0<strong>50% Rabatt auf eine Karte<\/strong>, um Ihre Kinder begleiten zu k\u00f6nnen. Pro Sch\u00fclerIn wird eine Begleitperson so unterst\u00fctzt.<\/p><p>Einige Sch\u00fclerInnen haben in Zusammenarbeit mit Theaterp\u00e4dagogInnen des Staatstheaters Filme zu den\u00a0<em>Spielorten<\/em>\u00a0des Staatstheaters Braunschweig, zu den\u00a0<em>Do\u2018s and dont\u2018s<\/em>\u00a0im Theater und der\u00a0<em>Flatrate<\/em>\u00a0erstellt. Sie werden in K\u00fcrze ver\u00f6ffentlicht.<\/p><p>Wir hoffen Sie best\u00e4rken und\/oder begleiten Ihre Kinder bei der Gelegenheit, das sch\u00f6ne und vielf\u00e4ltige kulturelle Angebot des Staatstheaters Braunschweigs wahrzunehmen.<\/p><p>Daneben bieten wir Lehrer einige Termine an, zu denen wir Ihre Kinder am Abend ins Theater begleiten. Auch hierzu sind Sie herzlich willkommen!<\/p><p>Wir hoffen auf sch\u00f6ne Theaterabende!<\/p>\t\t\t\t\t\t\t\t<\/div>\n\t\t\t\t<\/div>\n\t\t\t\t<div class=\"elementor-element elementor-element-bc401c8 elementor-widget-mobile__width-inherit elementor-widget-divider--view-line elementor-widget elementor-widget-divider\" data-id=\"bc401c8\" data-element_type=\"widget\" data-widget_type=\"divider.default\">\n\t\t\t\t<div class=\"elementor-widget-container\">\n\t\t\t\t\t\t\t<div class=\"elementor-divider\">\n\t\t\t<span class=\"elementor-divider-separator\">\n\t\t\t\t\t\t<\/span>\n\t\t<\/div>\n\t\t\t\t\t\t<\/div>\n\t\t\t\t<\/div>\n\t\t\t\t\t<\/div>\n\t\t<\/div>\n\t\t\t\t\t<\/div>\n\t\t<\/section>\n\t\t\t\t<\/div>\n\t\t","protected":false},"excerpt":{"rendered":"<p>Theater.Fieber Liebe Eltern, liebe Erziehungsberechtigte, liebe Sch\u00fclerInnen, schon seit einigen Jahren arbeiten wir mit dem Staatstheater Braunschweig im Rahmen der\u00a0Theater.Fieber-Kooperation zusammen. Unsere Sch\u00fclerInnen haben hierdurch die M\u00f6glichkeit, Schauspiel, Oper und Tanz kennenzulernen sowie das k\u00fcnstlerische und kulturelle Leben am Staatstheater kontinuierlich live mitzuerleben. Nicht zuletzt die M\u00f6glichkeit der Teilnahme an qualitativen Workshops zur Vor- und [&hellip;]<\/p>\n","protected":false},"author":1,"featured_media":0,"parent":0,"menu_order":0,"comment_status":"closed","ping_status":"closed","template":"","meta":{"site-sidebar-layout":"no-sidebar","site-content-layout":"page-builder","ast-site-content-layout":"default","site-content-style":"default","site-sidebar-style":"default","ast-global-header-display":"","ast-banner-title-visibility":"","ast-main-header-display":"","ast-hfb-above-header-display":"","ast-hfb-below-header-display":"","ast-hfb-mobile-header-display":"","site-post-title":"disabled","ast-breadcrumbs-content":"disabled","ast-featured-img":"disabled","footer-sml-layout":"","theme-transparent-header-meta":"default","adv-header-id-meta":"","stick-header-meta":"","header-above-stick-meta":"","header-main-stick-meta":"","header-below-stick-meta":"","astra-migrate-meta-layouts":"default","ast-page-background-enabled":"default","ast-page-background-meta":{"desktop":{"background-color":"","background-image":"","background-repeat":"repeat","background-position":"center center","background-size":"auto","background-attachment":"scroll","background-type":"","background-media":"","overlay-type":"","overlay-color":"","overlay-opacity":"","overlay-gradient":""},"tablet":{"background-color":"","background-image":"","background-repeat":"repeat","background-position":"center center","background-size":"auto","background-attachment":"scroll","background-type":"","background-media":"","overlay-type":"","overlay-color":"","overlay-opacity":"","overlay-gradient":""},"mobile":{"background-color":"","background-image":"","background-repeat":"repeat","background-position":"center center","background-size":"auto","background-attachment":"scroll","background-type":"","background-media":"","overlay-type":"","overlay-color":"","overlay-opacity":"","overlay-gradient":""}},"ast-content-background-meta":{"desktop":{"background-color":"var(--ast-global-color-5)","background-image":"","background-repeat":"repeat","background-position":"center center","background-size":"auto","background-attachment":"scroll","background-type":"","background-media":"","overlay-type":"","overlay-color":"","overlay-opacity":"","overlay-gradient":""},"tablet":{"background-color":"var(--ast-global-color-5)","background-image":"","background-repeat":"repeat","background-position":"center center","background-size":"auto","background-attachment":"scroll","background-type":"","background-media":"","overlay-type":"","overlay-color":"","overlay-opacity":"","overlay-gradient":""},"mobile":{"background-color":"var(--ast-global-color-5)","background-image":"","background-repeat":"repeat","background-position":"center center","background-size":"auto","background-attachment":"scroll","background-type":"","background-media":"","overlay-type":"","overlay-color":"","overlay-opacity":"","overlay-gradient":""}},"footnotes":""},"class_list":["post-700","page","type-page","status-publish","hentry"],"_links":{"self":[{"href":"https:\/\/hs-sophienstrasse.de\/index.php\/wp-json\/wp\/v2\/pages\/700","targetHints":{"allow":["GET"]}}],"collection":[{"href":"https:\/\/hs-sophienstrasse.de\/index.php\/wp-json\/wp\/v2\/pages"}],"about":[{"href":"https:\/\/hs-sophienstrasse.de\/index.php\/wp-json\/wp\/v2\/types\/page"}],"author":[{"embeddable":true,"href":"https:\/\/hs-sophienstrasse.de\/index.php\/wp-json\/wp\/v2\/users\/1"}],"replies":[{"embeddable":true,"href":"https:\/\/hs-sophienstrasse.de\/index.php\/wp-json\/wp\/v2\/comments?post=700"}],"version-history":[{"count":28,"href":"https:\/\/hs-sophienstrasse.de\/index.php\/wp-json\/wp\/v2\/pages\/700\/revisions"}],"predecessor-version":[{"id":1734,"href":"https:\/\/hs-sophienstrasse.de\/index.php\/wp-json\/wp\/v2\/pages\/700\/revisions\/1734"}],"wp:attachment":[{"href":"https:\/\/hs-sophienstrasse.de\/index.php\/wp-json\/wp\/v2\/media?parent=700"}],"curies":[{"name":"wp","href":"https:\/\/api.w.org\/{rel}","templated":true}]}}