{"id":671,"date":"2023-05-15T18:21:56","date_gmt":"2023-05-15T16:21:56","guid":{"rendered":"https:\/\/hs-sophienstrasse.de\/?page_id=671"},"modified":"2026-02-23T18:42:38","modified_gmt":"2026-02-23T17:42:38","slug":"schul-sozialarbeit","status":"publish","type":"page","link":"https:\/\/hs-sophienstrasse.de\/index.php\/schul-sozialarbeit\/","title":{"rendered":"Schul-Sozialarbeit"},"content":{"rendered":"\t\t<div data-elementor-type=\"wp-page\" data-elementor-id=\"671\" class=\"elementor elementor-671\" data-elementor-post-type=\"page\">\n\t\t\t\t\t\t<section class=\"elementor-section elementor-top-section elementor-element elementor-element-de4320f elementor-section-boxed elementor-section-height-default elementor-section-height-default\" data-id=\"de4320f\" data-element_type=\"section\" data-settings=\"{&quot;background_background&quot;:&quot;classic&quot;}\">\n\t\t\t\t\t\t<div class=\"elementor-container elementor-column-gap-no\">\n\t\t\t\t\t<div class=\"elementor-column elementor-col-100 elementor-top-column elementor-element elementor-element-7bdf3cf\" data-id=\"7bdf3cf\" data-element_type=\"column\">\n\t\t\t<div class=\"elementor-widget-wrap elementor-element-populated\">\n\t\t\t\t\t\t<div class=\"elementor-element elementor-element-61bec78 elementor-widget elementor-widget-heading\" data-id=\"61bec78\" data-element_type=\"widget\" data-widget_type=\"heading.default\">\n\t\t\t\t<div class=\"elementor-widget-container\">\n\t\t\t\t\t<h1 class=\"elementor-heading-title elementor-size-default\">Schul-Sozialarbeit<\/h1>\t\t\t\t<\/div>\n\t\t\t\t<\/div>\n\t\t\t\t\t<\/div>\n\t\t<\/div>\n\t\t\t\t\t<\/div>\n\t\t<\/section>\n\t\t\t\t<section class=\"elementor-section elementor-top-section elementor-element elementor-element-34a55b3 elementor-section-boxed elementor-section-height-default elementor-section-height-default\" data-id=\"34a55b3\" data-element_type=\"section\" data-settings=\"{&quot;background_background&quot;:&quot;classic&quot;}\">\n\t\t\t\t\t\t<div class=\"elementor-container elementor-column-gap-no\">\n\t\t\t\t\t<div class=\"elementor-column elementor-col-100 elementor-top-column elementor-element elementor-element-6b51a29\" data-id=\"6b51a29\" data-element_type=\"column\">\n\t\t\t<div class=\"elementor-widget-wrap elementor-element-populated\">\n\t\t\t\t\t\t<div class=\"elementor-element elementor-element-0208b8c elementor-widget elementor-widget-heading\" data-id=\"0208b8c\" data-element_type=\"widget\" data-widget_type=\"heading.default\">\n\t\t\t\t<div class=\"elementor-widget-container\">\n\t\t\t\t\t<h2 class=\"elementor-heading-title elementor-size-default\"><h1 style=\"margin-bottom: 0.5rem;line-height: 1.2;font-size: 2.5rem;font-style: normal\">Schul-Sozialarbeit<\/h1><\/h2>\t\t\t\t<\/div>\n\t\t\t\t<\/div>\n\t\t\t\t<div class=\"elementor-element elementor-element-0fe7574 elementor-widget-mobile__width-inherit elementor-widget-divider--view-line elementor-widget elementor-widget-divider\" data-id=\"0fe7574\" data-element_type=\"widget\" data-widget_type=\"divider.default\">\n\t\t\t\t<div class=\"elementor-widget-container\">\n\t\t\t\t\t\t\t<div class=\"elementor-divider\">\n\t\t\t<span class=\"elementor-divider-separator\">\n\t\t\t\t\t\t<\/span>\n\t\t<\/div>\n\t\t\t\t\t\t<\/div>\n\t\t\t\t<\/div>\n\t\t\t\t<section class=\"elementor-section elementor-inner-section elementor-element elementor-element-01714b5 elementor-section-boxed elementor-section-height-default elementor-section-height-default\" data-id=\"01714b5\" data-element_type=\"section\">\n\t\t\t\t\t\t<div class=\"elementor-container elementor-column-gap-default\">\n\t\t\t\t\t<div class=\"elementor-column elementor-col-50 elementor-inner-column elementor-element elementor-element-11c1830\" data-id=\"11c1830\" data-element_type=\"column\">\n\t\t\t<div class=\"elementor-widget-wrap elementor-element-populated\">\n\t\t\t\t\t\t<div class=\"elementor-element elementor-element-4af461c elementor-widget elementor-widget-image\" data-id=\"4af461c\" data-element_type=\"widget\" data-widget_type=\"image.default\">\n\t\t\t\t<div class=\"elementor-widget-container\">\n\t\t\t\t\t\t\t\t\t\t\t\t\t\t\t<img fetchpriority=\"high\" decoding=\"async\" width=\"301\" height=\"242\" src=\"https:\/\/hs-sophienstrasse.de\/wp-content\/uploads\/2023\/05\/KSA-1.jpg\" class=\"attachment-large size-large wp-image-781\" alt=\"\" \/>\t\t\t\t\t\t\t\t\t\t\t\t\t\t\t<\/div>\n\t\t\t\t<\/div>\n\t\t\t\t\t<\/div>\n\t\t<\/div>\n\t\t\t\t<div class=\"elementor-column elementor-col-50 elementor-inner-column elementor-element elementor-element-d38cf66\" data-id=\"d38cf66\" data-element_type=\"column\">\n\t\t\t<div class=\"elementor-widget-wrap elementor-element-populated\">\n\t\t\t\t\t\t<div class=\"elementor-element elementor-element-55751e1 elementor-widget elementor-widget-spacer\" data-id=\"55751e1\" data-element_type=\"widget\" data-widget_type=\"spacer.default\">\n\t\t\t\t<div class=\"elementor-widget-container\">\n\t\t\t\t\t\t\t<div class=\"elementor-spacer\">\n\t\t\t<div class=\"elementor-spacer-inner\"><\/div>\n\t\t<\/div>\n\t\t\t\t\t\t<\/div>\n\t\t\t\t<\/div>\n\t\t\t\t<div class=\"elementor-element elementor-element-6c7d487 elementor-widget elementor-widget-image\" data-id=\"6c7d487\" data-element_type=\"widget\" data-widget_type=\"image.default\">\n\t\t\t\t<div class=\"elementor-widget-container\">\n\t\t\t\t\t\t\t\t\t\t\t\t\t\t\t<img decoding=\"async\" width=\"954\" height=\"271\" src=\"https:\/\/hs-sophienstrasse.de\/wp-content\/uploads\/2023\/05\/Logo-Jugendfoerderung.jpg\" class=\"attachment-large size-large wp-image-782\" alt=\"\" srcset=\"https:\/\/hs-sophienstrasse.de\/wp-content\/uploads\/2023\/05\/Logo-Jugendfoerderung.jpg 954w, https:\/\/hs-sophienstrasse.de\/wp-content\/uploads\/2023\/05\/Logo-Jugendfoerderung-300x85.jpg 300w, https:\/\/hs-sophienstrasse.de\/wp-content\/uploads\/2023\/05\/Logo-Jugendfoerderung-768x218.jpg 768w\" sizes=\"(max-width: 954px) 100vw, 954px\" \/>\t\t\t\t\t\t\t\t\t\t\t\t\t\t\t<\/div>\n\t\t\t\t<\/div>\n\t\t\t\t<div class=\"elementor-element elementor-element-b375b52 elementor-widget elementor-widget-spacer\" data-id=\"b375b52\" data-element_type=\"widget\" data-widget_type=\"spacer.default\">\n\t\t\t\t<div class=\"elementor-widget-container\">\n\t\t\t\t\t\t\t<div class=\"elementor-spacer\">\n\t\t\t<div class=\"elementor-spacer-inner\"><\/div>\n\t\t<\/div>\n\t\t\t\t\t\t<\/div>\n\t\t\t\t<\/div>\n\t\t\t\t\t<\/div>\n\t\t<\/div>\n\t\t\t\t\t<\/div>\n\t\t<\/section>\n\t\t\t\t<div class=\"elementor-element elementor-element-b778bf4 elementor-widget elementor-widget-text-editor\" data-id=\"b778bf4\" data-element_type=\"widget\" data-widget_type=\"text-editor.default\">\n\t\t\t\t<div class=\"elementor-widget-container\">\n\t\t\t\t\t\t\t\t\t<p><strong>Lisa Berry<\/strong>\u00a0| Sozialarbeiterin\/-p\u00e4dagogin (B.A.)<\/p><p><strong>Stadt\u00a0<\/strong><strong>Braunschweig<\/strong>\u00a0\u2013 Fachbereich Kinder, Jugend und Familie<\/p><p><strong>Standort:<\/strong>\u00a0Hauptschule Sophienstra\u00dfe | 2. Etage | Raum A204<\/p><p><strong>Telefon:<\/strong>\u00a00531 470 57 84 |\u00a0<strong>Handy:<\/strong> 01516 32 50 444<\/p><p><strong>E-Mail:<\/strong>\u00a0<a href=\"mailto:lisa.berry@braunschweig.de\">lisa.berry@braunschweig.de<\/a><\/p><p>Unser Ziel ist es, Chancengleichheit und Teilhabe im Bildungssystem herzustellen. Dir soll es m\u00f6glich sein, egal welche Startbedingungen du mitbringst, einen f\u00fcr dich guten Schulabschluss zu erreichen. Im Rahmen der Einzelfallhilfe k\u00f6nnen wir unter anderem Sprachf\u00f6rderung vermitteln, Nachhilfe organisieren, dich und deine Eltern bei Beh\u00f6rdenangelegenheiten unterst\u00fctzen oder den \u00dcbergang zu anderen individuellen Angeboten erm\u00f6glichen.<\/p><p>Als typische Benachteiligungs- und Risikofaktoren f\u00fcr einen sp\u00e4teren selbstbestimmten Lebensweg ohne staatliche Transferleistungen gelten Armut, Migrationshintergrund, Geschlecht, Bildungshintergrund der Eltern, Aufwachsen mit nur einem Elternteil, fehlende Bildungsabschl\u00fcsse und innerfamili\u00e4re Schwierigkeiten.<\/p><p>Die Kommunale Schulsozialarbeit baut den von den Risikofaktoren betroffenen Sch\u00fclerinnen und Sch\u00fclern sowie Familien eine Br\u00fccke zu den vorhandenen Fachdiensten des SGB VIII und macht ihnen, als T\u00fcr\u00f6ffner f\u00fcr jugendhilfliche Angebote, diese zug\u00e4nglich und soll f\u00fcr die Familie der Sch\u00fclerinnen und Sch\u00fcler entlastend wirken. Da ihre Ressourcen begrenzt sind, konzentriert die Kommunale Schulsozialarbeit ihre Arbeit als Einzelfallhilfe auf von Armut betroffene Kinder und Familien, auf Kinder und Familien mit Migrationshintergrund sowie auf Kinder von Alleinerziehenden.<\/p><p>Die Teilnahme an den Angeboten ist freiwillig. Dabei ist ein vertraulicher Umgang der handelnden Akteure sehr wichtig. Die Schulsozialarbeit muss die Vertraulichkeit gegen\u00fcber Sch\u00fclerinnen und Sch\u00fclern, Lehrkr\u00e4ften, Schulleitung und auch den Eltern wahren. Auf Grundlage eines engen Vertrauensverh\u00e4ltnis kann die Kommunale Schulsozialarbeit in Zusammenarbeit mit Eltern und Schule sicherstellen, dass umfangreiche Hilfen zug\u00e4nglich gemacht werden.<\/p><p>Erg\u00e4nzend dazu soll bei Bedarf der \u00dcbergang zu anderen Angeboten, beispielsweise dem schulpsychologischen Dienst, der Koordinierungsstelle Schulverweigerung \u201eDie 2. Chance\u201c, der Kompetenzagentur Braunschweig, der Kompetenzagentur PLUS, der Agentur f\u00fcr Arbeit Braunschweig-Goslar, dem Pro-Aktiv-Center (PACE), dem Jugendmigrationsdienst (JMD), Erziehungsberatungsstellen, Drogenberatung sowie Schuldnerberatung unterst\u00fctzt und begleitet werden.<\/p>\t\t\t\t\t\t\t\t<\/div>\n\t\t\t\t<\/div>\n\t\t\t\t<div class=\"elementor-element elementor-element-8cd8b3b elementor-widget elementor-widget-text-editor\" data-id=\"8cd8b3b\" data-element_type=\"widget\" data-widget_type=\"text-editor.default\">\n\t\t\t\t<div class=\"elementor-widget-container\">\n\t\t\t\t\t\t\t\t\t<p><strong>Miriam Souihi<\/strong> | Sozialp\u00e4dagogin\/Sozialarbeiterin in schulischer Verantwortung<\/p><p><strong>Land <\/strong><strong>Niedersachsen<\/strong><\/p><p><strong>Standort:<\/strong> Hauptschule Sophienstra\u00dfe | 1. Etage | Raum A104<\/p><p><strong>Telefon:<\/strong> 0531 470 57 85<\/p><p><strong>E-Mail:<\/strong> <a href=\"mailto:miriam.souihi@hs-sophie.de\">miriam.souihi@hs-sophie.de<\/a><\/p><p>Schulsozialarbeit in schulischer Verantwortung<br \/>Schulische Sozialarbeit ist eine pr\u00e4ventive Form der Jugendhilfe. Sie bietet allen Sch\u00fcler*Innen, Erziehungsberechtigten und Lehrkr\u00e4ften BERATUNG und BEGLEITUNG der schulischen, beruflichen, famili\u00e4ren, pers\u00f6nlichen und sozialen Entwicklung an.<\/p><p><strong>Mein Angebot ist:<\/strong><br \/>&#8211; Offen f\u00fcr Alle<br \/>&#8211; Vertraulich (Schweigep\ufb02icht)<br \/>&#8211; Freiwillig<br \/>&#8211; Neutral<br \/>&#8211; Niederschwellig<br \/>&#8211; Individuell<br \/>&#8211; Ganzheitlich<\/p><p><strong>Mein Angebot f\u00fcr Sch\u00fcler*innen:<\/strong><br \/>&#8211; Gespr\u00e4chspartnerin in allen Belangen <br \/>&#8211; St\u00e4rkung der Pers\u00f6nlichkeitsentwicklung <br \/>&#8211; bei Kon\ufb02iktkl\u00e4rung unter Mitsch\u00fcler*innen <br \/>&#8211; bei Problemen in der Familie <br \/>&#8211; Unterst\u00fctzung beim \u00dcbergang von der Schule in den Beruf<\/p><p>Wenn du dich in der Schule nicht wohl f\u00fchlst &#8230;<br \/>Wenn du dir Sorgen um jemanden machst &#8230;<br \/>Wenn du \u00c4rger oder Streit mit deinen Freunden oder Mitsch\u00fcler*innen hast &#8230;<br \/>Wenn du zu Hause Stress hast &#8230;<br \/>Wenn du ein Problem hast &#8230;<br \/>Wenn du nicht wei\u00dft, was du nach der Schule machen sollst &#8230;<br \/><em>&#8230; dann kann ich dich unterst\u00fctzen und habe Zeit f\u00fcr dich.<\/em><\/p><p><strong>Arbeitsschwerpunkte der Schulsozialarbeit an der Schule:<\/strong><\/p><p>&#8211; Hilfe bei individuellen Sorgen und Problemen sowie Erziehungs- und Lebensfragen<br \/>&#8211; Unterst\u00fctzung und Beratung bei der Bew\u00e4ltigung verschiedenster schulischer Probleme<br \/>&#8211; Vermittlung zwischen Sch\u00fcler*innen und Lehrkr\u00e4ften<br \/>&#8211; Berufsorientierung<br \/>&#8211; Vermittlung in weiterf\u00fchrende Hilfsangebote und Beratungsstellen<br \/>&#8211; Planung, Organisation, Durchf\u00fchrung und Unterst\u00fctzung von bedarfsgerechter Projekt\u2013 und Pr\u00e4ventionsarbeit<br \/>&#8211; Elternberatung <br \/>&#8211; Partnerschaft in der p\u00e4dagogischen Arbeit<br \/>&#8211; Kooperation im Umgang mit Klassen und Einzelf\u00e4llen<br \/>&#8211; Beratung in sozialp\u00e4dagogischen Fragestellungen<br \/>&#8211; Sozialkompetenztrainings (in Jahrgang 5)<\/p><p><strong>Michael Zirbeck | <\/strong>Schulsozialarbeiter<\/p><p>Hauptschule Sophienstra\u00dfe<\/p><p>2. Etage | Raum A210<\/p><p>Sophienstra\u00dfe 17 38118 Braunschweig<\/p><p>Telefon 0531-4705795<\/p><p>E-Mail: <a href=\"mailto:michael.zirbeck@hs-sophie.de\" target=\"_blank\" rel=\"noopener noreferrer\">michael.zirbeck@hs-sophie.de<\/a><\/p><p>\u00a0<\/p>\t\t\t\t\t\t\t\t<\/div>\n\t\t\t\t<\/div>\n\t\t\t\t<div class=\"elementor-element elementor-element-007526f elementor-widget-mobile__width-inherit elementor-widget-divider--view-line elementor-widget elementor-widget-divider\" data-id=\"007526f\" data-element_type=\"widget\" data-widget_type=\"divider.default\">\n\t\t\t\t<div class=\"elementor-widget-container\">\n\t\t\t\t\t\t\t<div class=\"elementor-divider\">\n\t\t\t<span class=\"elementor-divider-separator\">\n\t\t\t\t\t\t<\/span>\n\t\t<\/div>\n\t\t\t\t\t\t<\/div>\n\t\t\t\t<\/div>\n\t\t\t\t\t<\/div>\n\t\t<\/div>\n\t\t\t\t\t<\/div>\n\t\t<\/section>\n\t\t\t\t<\/div>\n\t\t","protected":false},"excerpt":{"rendered":"<p>Schul-Sozialarbeit Schul-Sozialarbeit Lisa Berry\u00a0| Sozialarbeiterin\/-p\u00e4dagogin (B.A.) Stadt\u00a0Braunschweig\u00a0\u2013 Fachbereich Kinder, Jugend und Familie Standort:\u00a0Hauptschule Sophienstra\u00dfe | 2. Etage | Raum A204 Telefon:\u00a00531 470 57 84 |\u00a0Handy: 01516 32 50 444 E-Mail:\u00a0lisa.berry@braunschweig.de Unser Ziel ist es, Chancengleichheit und Teilhabe im Bildungssystem herzustellen. Dir soll es m\u00f6glich sein, egal welche Startbedingungen du mitbringst, einen f\u00fcr dich guten Schulabschluss [&hellip;]<\/p>\n","protected":false},"author":1,"featured_media":0,"parent":0,"menu_order":0,"comment_status":"closed","ping_status":"closed","template":"","meta":{"site-sidebar-layout":"no-sidebar","site-content-layout":"page-builder","ast-site-content-layout":"full-width-container","site-content-style":"unboxed","site-sidebar-style":"unboxed","ast-global-header-display":"","ast-banner-title-visibility":"","ast-main-header-display":"","ast-hfb-above-header-display":"","ast-hfb-below-header-display":"","ast-hfb-mobile-header-display":"","site-post-title":"disabled","ast-breadcrumbs-content":"disabled","ast-featured-img":"disabled","footer-sml-layout":"","theme-transparent-header-meta":"default","adv-header-id-meta":"","stick-header-meta":"","header-above-stick-meta":"","header-main-stick-meta":"","header-below-stick-meta":"","astra-migrate-meta-layouts":"set","ast-page-background-enabled":"default","ast-page-background-meta":{"desktop":{"background-color":"","background-image":"","background-repeat":"repeat","background-position":"center center","background-size":"auto","background-attachment":"scroll","background-type":"","background-media":"","overlay-type":"","overlay-color":"","overlay-opacity":"","overlay-gradient":""},"tablet":{"background-color":"","background-image":"","background-repeat":"repeat","background-position":"center center","background-size":"auto","background-attachment":"scroll","background-type":"","background-media":"","overlay-type":"","overlay-color":"","overlay-opacity":"","overlay-gradient":""},"mobile":{"background-color":"","background-image":"","background-repeat":"repeat","background-position":"center center","background-size":"auto","background-attachment":"scroll","background-type":"","background-media":"","overlay-type":"","overlay-color":"","overlay-opacity":"","overlay-gradient":""}},"ast-content-background-meta":{"desktop":{"background-color":"var(--ast-global-color-5)","background-image":"","background-repeat":"repeat","background-position":"center center","background-size":"auto","background-attachment":"scroll","background-type":"","background-media":"","overlay-type":"","overlay-color":"","overlay-opacity":"","overlay-gradient":""},"tablet":{"background-color":"var(--ast-global-color-5)","background-image":"","background-repeat":"repeat","background-position":"center center","background-size":"auto","background-attachment":"scroll","background-type":"","background-media":"","overlay-type":"","overlay-color":"","overlay-opacity":"","overlay-gradient":""},"mobile":{"background-color":"var(--ast-global-color-5)","background-image":"","background-repeat":"repeat","background-position":"center center","background-size":"auto","background-attachment":"scroll","background-type":"","background-media":"","overlay-type":"","overlay-color":"","overlay-opacity":"","overlay-gradient":""}},"footnotes":""},"class_list":["post-671","page","type-page","status-publish","hentry"],"_links":{"self":[{"href":"https:\/\/hs-sophienstrasse.de\/index.php\/wp-json\/wp\/v2\/pages\/671","targetHints":{"allow":["GET"]}}],"collection":[{"href":"https:\/\/hs-sophienstrasse.de\/index.php\/wp-json\/wp\/v2\/pages"}],"about":[{"href":"https:\/\/hs-sophienstrasse.de\/index.php\/wp-json\/wp\/v2\/types\/page"}],"author":[{"embeddable":true,"href":"https:\/\/hs-sophienstrasse.de\/index.php\/wp-json\/wp\/v2\/users\/1"}],"replies":[{"embeddable":true,"href":"https:\/\/hs-sophienstrasse.de\/index.php\/wp-json\/wp\/v2\/comments?post=671"}],"version-history":[{"count":35,"href":"https:\/\/hs-sophienstrasse.de\/index.php\/wp-json\/wp\/v2\/pages\/671\/revisions"}],"predecessor-version":[{"id":2889,"href":"https:\/\/hs-sophienstrasse.de\/index.php\/wp-json\/wp\/v2\/pages\/671\/revisions\/2889"}],"wp:attachment":[{"href":"https:\/\/hs-sophienstrasse.de\/index.php\/wp-json\/wp\/v2\/media?parent=671"}],"curies":[{"name":"wp","href":"https:\/\/api.w.org\/{rel}","templated":true}]}}