{"id":662,"date":"2023-05-15T17:14:44","date_gmt":"2023-05-15T15:14:44","guid":{"rendered":"https:\/\/hs-sophienstrasse.de\/?page_id=662"},"modified":"2024-12-02T20:43:43","modified_gmt":"2024-12-02T19:43:43","slug":"press","status":"publish","type":"page","link":"https:\/\/hs-sophienstrasse.de\/index.php\/press\/","title":{"rendered":"Presse"},"content":{"rendered":"\t\t<div data-elementor-type=\"wp-page\" data-elementor-id=\"662\" class=\"elementor elementor-662\" data-elementor-post-type=\"page\">\n\t\t\t\t\t\t<section class=\"elementor-section elementor-top-section elementor-element elementor-element-de4320f elementor-section-boxed elementor-section-height-default elementor-section-height-default\" data-id=\"de4320f\" data-element_type=\"section\" data-settings=\"{&quot;background_background&quot;:&quot;classic&quot;}\">\n\t\t\t\t\t\t<div class=\"elementor-container elementor-column-gap-no\">\n\t\t\t\t\t<div class=\"elementor-column elementor-col-100 elementor-top-column elementor-element elementor-element-7bdf3cf\" data-id=\"7bdf3cf\" data-element_type=\"column\">\n\t\t\t<div class=\"elementor-widget-wrap elementor-element-populated\">\n\t\t\t\t\t\t<div class=\"elementor-element elementor-element-61bec78 elementor-widget elementor-widget-heading\" data-id=\"61bec78\" data-element_type=\"widget\" data-widget_type=\"heading.default\">\n\t\t\t\t<div class=\"elementor-widget-container\">\n\t\t\t\t\t<h1 class=\"elementor-heading-title elementor-size-default\">Braunschweiger Zeitung vom 22.08.2024<\/h1>\t\t\t\t<\/div>\n\t\t\t\t<\/div>\n\t\t\t\t\t<\/div>\n\t\t<\/div>\n\t\t\t\t\t<\/div>\n\t\t<\/section>\n\t\t\t\t<section class=\"elementor-section elementor-top-section elementor-element elementor-element-34a55b3 elementor-section-boxed elementor-section-height-default elementor-section-height-default\" data-id=\"34a55b3\" data-element_type=\"section\" data-settings=\"{&quot;background_background&quot;:&quot;classic&quot;}\">\n\t\t\t\t\t\t<div class=\"elementor-container elementor-column-gap-no\">\n\t\t\t\t\t<div class=\"elementor-column elementor-col-100 elementor-top-column elementor-element elementor-element-6b51a29\" data-id=\"6b51a29\" data-element_type=\"column\">\n\t\t\t<div class=\"elementor-widget-wrap elementor-element-populated\">\n\t\t\t\t\t\t<div class=\"elementor-element elementor-element-0208b8c elementor-widget elementor-widget-heading\" data-id=\"0208b8c\" data-element_type=\"widget\" data-widget_type=\"heading.default\">\n\t\t\t\t<div class=\"elementor-widget-container\">\n\t\t\t\t\t<h2 class=\"elementor-heading-title elementor-size-default\">Lebenshilfe vom gro\u00dfen Bruder aus Neuk\u00f6lln<\/h2>\t\t\t\t<\/div>\n\t\t\t\t<\/div>\n\t\t\t\t<div class=\"elementor-element elementor-element-007526f elementor-widget-mobile__width-inherit elementor-widget-divider--view-line elementor-widget elementor-widget-divider\" data-id=\"007526f\" data-element_type=\"widget\" data-widget_type=\"divider.default\">\n\t\t\t\t<div class=\"elementor-widget-container\">\n\t\t\t\t\t\t\t<div class=\"elementor-divider\">\n\t\t\t<span class=\"elementor-divider-separator\">\n\t\t\t\t\t\t<\/span>\n\t\t<\/div>\n\t\t\t\t\t\t<\/div>\n\t\t\t\t<\/div>\n\t\t\t\t<div class=\"elementor-element elementor-element-8d52a77 elementor-widget elementor-widget-image\" data-id=\"8d52a77\" data-element_type=\"widget\" data-widget_type=\"image.default\">\n\t\t\t\t<div class=\"elementor-widget-container\">\n\t\t\t\t\t\t\t\t\t\t\t\t\t\t\t<img fetchpriority=\"high\" decoding=\"async\" width=\"700\" height=\"445\" src=\"https:\/\/hs-sophienstrasse.de\/wp-content\/uploads\/2024\/09\/der-loewe_gesellschaft-lebensstil_fadi-saad_foto-1-700x445-1.jpg\" class=\"attachment-full size-full wp-image-1231\" alt=\"\" srcset=\"https:\/\/hs-sophienstrasse.de\/wp-content\/uploads\/2024\/09\/der-loewe_gesellschaft-lebensstil_fadi-saad_foto-1-700x445-1.jpg 700w, https:\/\/hs-sophienstrasse.de\/wp-content\/uploads\/2024\/09\/der-loewe_gesellschaft-lebensstil_fadi-saad_foto-1-700x445-1-300x191.jpg 300w\" sizes=\"(max-width: 700px) 100vw, 700px\" \/>\t\t\t\t\t\t\t\t\t\t\t\t\t\t\t<\/div>\n\t\t\t\t<\/div>\n\t\t\t\t<div class=\"elementor-element elementor-element-2f7ec6e elementor-widget elementor-widget-text-editor\" data-id=\"2f7ec6e\" data-element_type=\"widget\" data-widget_type=\"text-editor.default\">\n\t\t\t\t<div class=\"elementor-widget-container\">\n\t\t\t\t\t\t\t\t\t<h6 class=\"wp-caption-text td-featured-image-caption\" style=\"text-align: left;\">Fadi Saad in der Hauptschule Sophienstra\u00dfe. Foto: Der L\u00f6we<\/h6><p><span class=\"td-block-author\">von <a href=\"https:\/\/www.der-loewe.info\/author\/ralph-herbert-meyer\">Ralph-Herbert Meyer<\/a><\/span><\/p>\t\t\t\t\t\t\t\t<\/div>\n\t\t\t\t<\/div>\n\t\t\t\t<div class=\"elementor-element elementor-element-07e9060 elementor-widget elementor-widget-text-editor\" data-id=\"07e9060\" data-element_type=\"widget\" data-widget_type=\"text-editor.default\">\n\t\t\t\t<div class=\"elementor-widget-container\">\n\t\t\t\t\t\t\t\t\t<h4><strong>Fadi Saad, Buchautor, Dozent und im Hauptberuf Polizeibeamter, besuchte die Hauptschule Sophienstra\u00dfe in Braunschweig.<\/strong><\/h4>\t\t\t\t\t\t\t\t<\/div>\n\t\t\t\t<\/div>\n\t\t\t\t<div class=\"elementor-element elementor-element-3382d78 elementor-widget elementor-widget-text-editor\" data-id=\"3382d78\" data-element_type=\"widget\" data-widget_type=\"text-editor.default\">\n\t\t\t\t<div class=\"elementor-widget-container\">\n\t\t\t\t\t\t\t\t\t<p>Mehr Glaubw\u00fcrdigkeit und Authentizit\u00e4t geht kaum, wenn Fadi Saad, Buchautor, Dozent und im Hauptberuf Polizeibeamter, vor Sch\u00fclerinnen und Sch\u00fclern referiert, Workshops leitet und aus seinem Buch \u00bbDer gro\u00dfe Bruder von Neuk\u00f6lln\u00ab liest. Jetzt war er an zwei Tagen zu Gast an der Hauptschule Sophienstra\u00dfe in Braunschweig. Mit seiner klaren Ansprache und Ratschl\u00e4gen ist er ganz nah dran an der Lebenswirklichkeit der Jugendlichen, die an der Schwelle stehen, ihr eigenes Leben zu gestalten. Fadi Saad zeigt ihnen, wie es gelingen kann, ein wertvolles Mitglied f\u00fcr die Gesellschaft zu werden. Selbstbewusstsein, Selbstwertgef\u00fchl, Teilhabe und nicht zuletzt Umgangsformen stehen dann als Themen auf dem Stundenplan.<\/p>\t\t\t\t\t\t\t\t<\/div>\n\t\t\t\t<\/div>\n\t\t\t\t<div class=\"elementor-element elementor-element-e7deeab elementor-widget elementor-widget-text-editor\" data-id=\"e7deeab\" data-element_type=\"widget\" data-widget_type=\"text-editor.default\">\n\t\t\t\t<div class=\"elementor-widget-container\">\n\t\t\t\t\t\t\t\t\t<h4><strong>Schulklima verbessert<\/strong><\/h4>\t\t\t\t\t\t\t\t<\/div>\n\t\t\t\t<\/div>\n\t\t\t\t<div class=\"elementor-element elementor-element-036da80 elementor-widget elementor-widget-text-editor\" data-id=\"036da80\" data-element_type=\"widget\" data-widget_type=\"text-editor.default\">\n\t\t\t\t<div class=\"elementor-widget-container\">\n\t\t\t\t\t\t\t\t\t<p>\u00bbFadi kann Dinge sagen, die wir Lehrkr\u00e4fte nicht sagen k\u00f6nnen. Er war schon ein paar Mal an unserer Schule, seine Vortr\u00e4ge haben das Schulklima und die Motivation einzelner Sch\u00fclerinnen und Sch\u00fcler definitiv nachhaltig verbessert\u00ab, erl\u00e4utert Xenia Despina Gianneskis, Konrektorin der Hauptschule Sophienstra\u00dfe. Der aktuelle Workshop mit dem Thema \u00bbEntwirf Deine Traumschule\u00ab und die sich tags darauf anschlie\u00dfende Lesung wurden von der Richard Borek Stiftung gef\u00f6rdert. Schulsozialarbeit z\u00e4hlt seit vielen Jahren zu den wesentlichen Stiftungszwecken. Die Hauptschule Sophienstra\u00dfe, berichtet Xenia Despina Gianneskis, habe einen 98-prozentigen Anteil von Sch\u00fclerinnen und Sch\u00fclern mit Migrationshintergrund. Auch deswegen sei Fadi Saad an ihrer Schule genau richtig.<\/p><p>Den Titel seines ersten Buchs \u00bbDer gro\u00dfe Bruder von Neuk\u00f6lln \u2013 Ich war einer von ihnen \u2013 vom Gang-Mitglied zum Streetworker\u00ab hat Fadi Saad nicht von ungef\u00e4hr gew\u00e4hlt. Er bedeutet, dass er selbst vieles erlebt hat im Berliner Brennpunkt-Quartier, Rassismus, Diskriminierung, Gewalt. Er geriet auf die \u00bbschiefe Bahn\u00ab und dennoch ging er letztlich seinen so erfolgreichen, beachtlichen Weg. Fadi Saad, von Geburt Pal\u00e4stinenser, wuchs mit sieben Geschwistern in der elterlichen Zweizimmerwohnung im Weddinger Soldiner Kiez auf. \u00bbEs lief nicht immer so, wie meine Eltern es sich gew\u00fcnscht h\u00e4tten\u00ab, sagt er. Er schw\u00e4nzte die Schule und war h\u00e4ufig in Pr\u00fcgeleien verwickelt.<\/p>\t\t\t\t\t\t\t\t<\/div>\n\t\t\t\t<\/div>\n\t\t\t\t<div class=\"elementor-element elementor-element-80829a4 elementor-widget elementor-widget-text-editor\" data-id=\"80829a4\" data-element_type=\"widget\" data-widget_type=\"text-editor.default\">\n\t\t\t\t<div class=\"elementor-widget-container\">\n\t\t\t\t\t\t\t\t\t<h4><strong>Zweite Chance genutzt<\/strong><\/h4>\t\t\t\t\t\t\t\t<\/div>\n\t\t\t\t<\/div>\n\t\t\t\t<div class=\"elementor-element elementor-element-4279e39 elementor-widget elementor-widget-text-editor\" data-id=\"4279e39\" data-element_type=\"widget\" data-widget_type=\"text-editor.default\">\n\t\t\t\t<div class=\"elementor-widget-container\">\n\t\t\t\t\t\t\t\t\t<p>Erst nach einem Aufenthalt im Jugendarrest \u00e4nderte er sein Leben und nutzte seine zweite Chance. Er holte seinen Schulabschluss nach, wurde B\u00fcrokaufmann, sp\u00e4ter Streetworker des Arabischen Kulturinstitut AKI und schlie\u00dflich Polizeibeamter. Der heute 45 Jahre alte Saad wurde unter anderem f\u00fcr seine Pr\u00e4ventionsarbeit mit dem Deutschem Preis f\u00fcr Kriminalpr\u00e4vention ausgezeichnet. Das alles macht ihn zum Vorbild, \u00fcbrigens nicht nur f\u00fcr Jugendliche mit Migrationshintergrund.<\/p>\t\t\t\t\t\t\t\t<\/div>\n\t\t\t\t<\/div>\n\t\t\t\t<div class=\"elementor-element elementor-element-9a5d810 elementor-widget elementor-widget-image\" data-id=\"9a5d810\" data-element_type=\"widget\" data-widget_type=\"image.default\">\n\t\t\t\t<div class=\"elementor-widget-container\">\n\t\t\t\t\t\t\t\t\t\t\t\t\t\t\t<img decoding=\"async\" width=\"487\" height=\"300\" src=\"https:\/\/hs-sophienstrasse.de\/wp-content\/uploads\/2024\/09\/der-loewe_gesellschaft-lebensstil_fadi-saad_foto-2-487x300-2.jpg\" class=\"attachment-full size-full wp-image-1232\" alt=\"\" srcset=\"https:\/\/hs-sophienstrasse.de\/wp-content\/uploads\/2024\/09\/der-loewe_gesellschaft-lebensstil_fadi-saad_foto-2-487x300-2.jpg 487w, https:\/\/hs-sophienstrasse.de\/wp-content\/uploads\/2024\/09\/der-loewe_gesellschaft-lebensstil_fadi-saad_foto-2-487x300-2-300x185.jpg 300w\" sizes=\"(max-width: 487px) 100vw, 487px\" \/>\t\t\t\t\t\t\t\t\t\t\t\t\t\t\t<\/div>\n\t\t\t\t<\/div>\n\t\t\t\t<div class=\"elementor-element elementor-element-570e76d elementor-widget elementor-widget-text-editor\" data-id=\"570e76d\" data-element_type=\"widget\" data-widget_type=\"text-editor.default\">\n\t\t\t\t<div class=\"elementor-widget-container\">\n\t\t\t\t\t\t\t\t\t<p>Sch\u00fclerinnen und Sch\u00fcler h\u00f6ren aufmerksam zu, wenn Fadi Saad von seinem Leben berichtet.<\/p><p>Foto: Der L\u00f6we<\/p>\t\t\t\t\t\t\t\t<\/div>\n\t\t\t\t<\/div>\n\t\t\t\t<div class=\"elementor-element elementor-element-b730e82 elementor-widget elementor-widget-text-editor\" data-id=\"b730e82\" data-element_type=\"widget\" data-widget_type=\"text-editor.default\">\n\t\t\t\t<div class=\"elementor-widget-container\">\n\t\t\t\t\t\t\t\t\t<p>Durch seine Biografie wei\u00df er genau, wie sich die Sch\u00fclerinnen und Sch\u00fcler, die vorm ihm sitzen, f\u00fchlen. Seine Erfahrungen und die Lehren, die er daraus zog, gibt er den Sch\u00fclerinnen und Sch\u00fclern gewisserma\u00dfen als Leitfaden mit. \u00bbDie Workshops sind dabei Mittel zum Zweck. Mit ihnen lassen sich Themen wie Partizipation oder Debattenkultur spielerisch hervorheben\u00ab, berichtet Fadi Saad von seinem Konzept. Die Jugendlichen lernen in Gruppenarbeit, wie sie sich einbringen k\u00f6nnen in Entscheidungsprozesse, statt zu lamentieren. Sie lernen, Kompromisse einzugehen und Konflikte zu l\u00f6sen, statt laut zu werden. Sie lernen, eigene Ideen zu entwickeln, statt anderen hinterherzulaufen; Initiative f\u00fcr ihre eigenen Vorstellungen zu ergreifen, statt zu resignieren.<\/p>\t\t\t\t\t\t\t\t<\/div>\n\t\t\t\t<\/div>\n\t\t\t\t<div class=\"elementor-element elementor-element-f470a67 elementor-widget elementor-widget-text-editor\" data-id=\"f470a67\" data-element_type=\"widget\" data-widget_type=\"text-editor.default\">\n\t\t\t\t<div class=\"elementor-widget-container\">\n\t\t\t\t\t\t\t\t\t<h4><strong>\u00bbTraumschule\u00ab mit klaren Regeln<\/strong><\/h4>\t\t\t\t\t\t\t\t<\/div>\n\t\t\t\t<\/div>\n\t\t\t\t<div class=\"elementor-element elementor-element-76c53d5 elementor-widget elementor-widget-text-editor\" data-id=\"76c53d5\" data-element_type=\"widget\" data-widget_type=\"text-editor.default\">\n\t\t\t\t<div class=\"elementor-widget-container\">\n\t\t\t\t\t\t\t\t\t<p>In diesem Fall ging es um ihre \u00bbTraumschule\u00ab. Das passte ganz gut, weil die Hauptschule Sophienstra\u00dfe Ganztagsschule wird und an Bedeutung f\u00fcr die Sch\u00fclerinnen und Sch\u00fcler noch mehr gewinnen wird. Die Lehrkr\u00e4fte Irene Dillmann, Eva Jung, Lena H\u00f6ft, Jennifer Nahser, Stefanie Wagner, Reimar Fr\u00f6hnel, Andr\u00e9 Horn und Volker Sch\u00f6nball sowie Jamil Saad, Sohn von Fadi Saad, unterst\u00fctzten die insgesamt 15 Gruppen der 8. und 9. Kl\u00e4ssler, aber am Ende musste jemand aus den jeweiligen Gruppen selbstst\u00e4ndig pr\u00e4sentieren. \u00bbAlle wollen mitreden, aber keiner will entscheiden\u00ab, kommentiert Fadi Saad die Herausforderung bei der Gruppenarbeit. Herauskamen dennoch nicht nur W\u00fcnsche wie ein Wellnessbereich oder ein R\u00fcckzugsraum f\u00fcr M\u00e4dchen, sondern auch Regeln f\u00fcr Meinungs- und Religionsfreiheit oder auch angemessene Kleidung und auch Konsequenzen bei Regelverst\u00f6\u00dfen.<\/p><p>Die abschlie\u00dfende Lesung wird dann zur echten Lebenshilfe vom gro\u00dfen Bruder aus Neuk\u00f6lln. Es geht um Respekt gegen\u00fcber \u00c4lteren, es geht um den Umgang mit dem anderen Geschlecht, um das Verhalten beim Praktikum oder w\u00e4hrend der Ausbildung und auch um Politik, um den Missbrauch von Symbolen. Fadi Saad trifft zweifelsfrei den richtigen Ton, sympathisch, aber bestimmt. Er bekommt \u00fcber 90 Minuten die volle Aufmerksamkeit. Welcher Lehrer kann das schon von sich behaupten? Fadi Saad hat den Jugendlichen etwas zu sagen, und sie wollen es auch h\u00f6ren!<\/p>\t\t\t\t\t\t\t\t<\/div>\n\t\t\t\t<\/div>\n\t\t\t\t<div class=\"elementor-element elementor-element-635e031 elementor-widget elementor-widget-text-editor\" data-id=\"635e031\" data-element_type=\"widget\" data-widget_type=\"text-editor.default\">\n\t\t\t\t<div class=\"elementor-widget-container\">\n\t\t\t\t\t\t\t\t\t<p><a href=\"https:\/\/www.der-loewe.info\/lebenshilfe-vom-grossen-bruder-aus-neukoelln\">Hier der Link zum Original Blog<\/a><\/p>\t\t\t\t\t\t\t\t<\/div>\n\t\t\t\t<\/div>\n\t\t\t\t<div class=\"elementor-element elementor-element-c6731b1 elementor-widget-mobile__width-inherit elementor-widget-divider--view-line elementor-widget elementor-widget-divider\" data-id=\"c6731b1\" data-element_type=\"widget\" data-widget_type=\"divider.default\">\n\t\t\t\t<div class=\"elementor-widget-container\">\n\t\t\t\t\t\t\t<div class=\"elementor-divider\">\n\t\t\t<span class=\"elementor-divider-separator\">\n\t\t\t\t\t\t<\/span>\n\t\t<\/div>\n\t\t\t\t\t\t<\/div>\n\t\t\t\t<\/div>\n\t\t\t\t\t<\/div>\n\t\t<\/div>\n\t\t\t\t\t<\/div>\n\t\t<\/section>\n\t\t\t\t<\/div>\n\t\t","protected":false},"excerpt":{"rendered":"<p>Braunschweiger Zeitung vom 22.08.2024 Lebenshilfe vom gro\u00dfen Bruder aus Neuk\u00f6lln Fadi Saad in der Hauptschule Sophienstra\u00dfe. Foto: Der L\u00f6we von Ralph-Herbert Meyer Fadi Saad, Buchautor, Dozent und im Hauptberuf Polizeibeamter, besuchte die Hauptschule Sophienstra\u00dfe in Braunschweig. Mehr Glaubw\u00fcrdigkeit und Authentizit\u00e4t geht kaum, wenn Fadi Saad, Buchautor, Dozent und im Hauptberuf Polizeibeamter, vor Sch\u00fclerinnen und Sch\u00fclern [&hellip;]<\/p>\n","protected":false},"author":1,"featured_media":0,"parent":0,"menu_order":0,"comment_status":"closed","ping_status":"closed","template":"","meta":{"site-sidebar-layout":"no-sidebar","site-content-layout":"page-builder","ast-site-content-layout":"full-width-container","site-content-style":"unboxed","site-sidebar-style":"unboxed","ast-global-header-display":"","ast-banner-title-visibility":"","ast-main-header-display":"","ast-hfb-above-header-display":"","ast-hfb-below-header-display":"","ast-hfb-mobile-header-display":"","site-post-title":"disabled","ast-breadcrumbs-content":"disabled","ast-featured-img":"disabled","footer-sml-layout":"","theme-transparent-header-meta":"default","adv-header-id-meta":"","stick-header-meta":"","header-above-stick-meta":"","header-main-stick-meta":"","header-below-stick-meta":"","astra-migrate-meta-layouts":"set","ast-page-background-enabled":"default","ast-page-background-meta":{"desktop":{"background-color":"","background-image":"","background-repeat":"repeat","background-position":"center center","background-size":"auto","background-attachment":"scroll","background-type":"","background-media":"","overlay-type":"","overlay-color":"","overlay-opacity":"","overlay-gradient":""},"tablet":{"background-color":"","background-image":"","background-repeat":"repeat","background-position":"center center","background-size":"auto","background-attachment":"scroll","background-type":"","background-media":"","overlay-type":"","overlay-color":"","overlay-opacity":"","overlay-gradient":""},"mobile":{"background-color":"","background-image":"","background-repeat":"repeat","background-position":"center center","background-size":"auto","background-attachment":"scroll","background-type":"","background-media":"","overlay-type":"","overlay-color":"","overlay-opacity":"","overlay-gradient":""}},"ast-content-background-meta":{"desktop":{"background-color":"var(--ast-global-color-5)","background-image":"","background-repeat":"repeat","background-position":"center center","background-size":"auto","background-attachment":"scroll","background-type":"","background-media":"","overlay-type":"","overlay-color":"","overlay-opacity":"","overlay-gradient":""},"tablet":{"background-color":"var(--ast-global-color-5)","background-image":"","background-repeat":"repeat","background-position":"center center","background-size":"auto","background-attachment":"scroll","background-type":"","background-media":"","overlay-type":"","overlay-color":"","overlay-opacity":"","overlay-gradient":""},"mobile":{"background-color":"var(--ast-global-color-5)","background-image":"","background-repeat":"repeat","background-position":"center center","background-size":"auto","background-attachment":"scroll","background-type":"","background-media":"","overlay-type":"","overlay-color":"","overlay-opacity":"","overlay-gradient":""}},"footnotes":""},"class_list":["post-662","page","type-page","status-publish","hentry"],"_links":{"self":[{"href":"https:\/\/hs-sophienstrasse.de\/index.php\/wp-json\/wp\/v2\/pages\/662","targetHints":{"allow":["GET"]}}],"collection":[{"href":"https:\/\/hs-sophienstrasse.de\/index.php\/wp-json\/wp\/v2\/pages"}],"about":[{"href":"https:\/\/hs-sophienstrasse.de\/index.php\/wp-json\/wp\/v2\/types\/page"}],"author":[{"embeddable":true,"href":"https:\/\/hs-sophienstrasse.de\/index.php\/wp-json\/wp\/v2\/users\/1"}],"replies":[{"embeddable":true,"href":"https:\/\/hs-sophienstrasse.de\/index.php\/wp-json\/wp\/v2\/comments?post=662"}],"version-history":[{"count":30,"href":"https:\/\/hs-sophienstrasse.de\/index.php\/wp-json\/wp\/v2\/pages\/662\/revisions"}],"predecessor-version":[{"id":2386,"href":"https:\/\/hs-sophienstrasse.de\/index.php\/wp-json\/wp\/v2\/pages\/662\/revisions\/2386"}],"wp:attachment":[{"href":"https:\/\/hs-sophienstrasse.de\/index.php\/wp-json\/wp\/v2\/media?parent=662"}],"curies":[{"name":"wp","href":"https:\/\/api.w.org\/{rel}","templated":true}]}}