{"id":2814,"date":"2025-12-14T18:07:34","date_gmt":"2025-12-14T17:07:34","guid":{"rendered":"https:\/\/hs-sophienstrasse.de\/?page_id=2814"},"modified":"2025-12-14T18:14:05","modified_gmt":"2025-12-14T17:14:05","slug":"karriere-kick-jobboard","status":"publish","type":"page","link":"https:\/\/hs-sophienstrasse.de\/index.php\/karriere-kick-jobboard\/","title":{"rendered":"\u201eKarriere Kick Jobboard\u201c"},"content":{"rendered":"\t\t<div data-elementor-type=\"wp-page\" data-elementor-id=\"2814\" class=\"elementor elementor-2814\" data-elementor-post-type=\"page\">\n\t\t\t\t\t\t<section class=\"elementor-section elementor-top-section elementor-element elementor-element-de4320f elementor-section-boxed elementor-section-height-default elementor-section-height-default\" data-id=\"de4320f\" data-element_type=\"section\" data-e-type=\"section\" data-settings=\"{&quot;background_background&quot;:&quot;classic&quot;}\">\n\t\t\t\t\t\t<div class=\"elementor-container elementor-column-gap-no\">\n\t\t\t\t\t<div class=\"elementor-column elementor-col-100 elementor-top-column elementor-element elementor-element-7bdf3cf\" data-id=\"7bdf3cf\" data-element_type=\"column\" data-e-type=\"column\">\n\t\t\t<div class=\"elementor-widget-wrap elementor-element-populated\">\n\t\t\t\t\t\t<div class=\"elementor-element elementor-element-61bec78 elementor-widget__width-initial elementor-widget elementor-widget-heading\" data-id=\"61bec78\" data-element_type=\"widget\" data-e-type=\"widget\" data-widget_type=\"heading.default\">\n\t\t\t\t<div class=\"elementor-widget-container\">\n\t\t\t\t\t<h1 class=\"elementor-heading-title elementor-size-default\">Karriere Kick Jobboard<\/h1>\t\t\t\t<\/div>\n\t\t\t\t<\/div>\n\t\t\t\t\t<\/div>\n\t\t<\/div>\n\t\t\t\t\t<\/div>\n\t\t<\/section>\n\t\t\t\t<section class=\"elementor-section elementor-top-section elementor-element elementor-element-c00edd5 elementor-section-boxed elementor-section-height-default elementor-section-height-default\" data-id=\"c00edd5\" data-element_type=\"section\" data-e-type=\"section\">\n\t\t\t\t\t\t<div class=\"elementor-container elementor-column-gap-default\">\n\t\t\t\t\t<div class=\"elementor-column elementor-col-100 elementor-top-column elementor-element elementor-element-a665754\" data-id=\"a665754\" data-element_type=\"column\" data-e-type=\"column\">\n\t\t\t<div class=\"elementor-widget-wrap elementor-element-populated\">\n\t\t\t\t\t\t<div class=\"elementor-element elementor-element-ca6467c elementor-widget elementor-widget-text-editor\" data-id=\"ca6467c\" data-element_type=\"widget\" data-e-type=\"widget\" data-widget_type=\"text-editor.default\">\n\t\t\t\t<div class=\"elementor-widget-container\">\n\t\t\t\t\t\t\t\t\t<p style=\"text-align: center;\" data-start=\"592\" data-end=\"798\"><img decoding=\"async\" class=\"alignright wp-image-2820 size-thumbnail\" src=\"https:\/\/hs-sophienstrasse.de\/wp-content\/uploads\/2025\/12\/Karrierekick-150x150.png\" alt=\"\" width=\"150\" height=\"150\" \/>Du bist auf der Suche nach einem Ausbildungsplatz oder m\u00f6chtest dich \u00fcber berufliche M\u00f6glichkeiten informieren?<\/p><p style=\"text-align: center;\" data-start=\"592\" data-end=\"798\">Das Karriere-Kick-Jobboard bietet eine \u00dcbersicht \u00fcber offene Stellen regionaler Unternehmen.<\/p><p style=\"text-align: center;\" data-start=\"592\" data-end=\"798\">Die Verantwortung f\u00fcr die Inhalte der jeweiligen Angebote liegt bei den ausschreibenden Firmen.<\/p>\t\t\t\t\t\t\t\t<\/div>\n\t\t\t\t<\/div>\n\t\t\t\t\t<\/div>\n\t\t<\/div>\n\t\t\t\t\t<\/div>\n\t\t<\/section>\n\t\t\t\t<section class=\"elementor-section elementor-top-section elementor-element elementor-element-291c91a elementor-section-boxed elementor-section-height-default elementor-section-height-default\" data-id=\"291c91a\" data-element_type=\"section\" data-e-type=\"section\">\n\t\t\t\t\t\t<div class=\"elementor-container elementor-column-gap-default\">\n\t\t\t\t\t<div class=\"elementor-column elementor-col-100 elementor-top-column elementor-element elementor-element-42b734c\" data-id=\"42b734c\" data-element_type=\"column\" data-e-type=\"column\">\n\t\t\t<div class=\"elementor-widget-wrap elementor-element-populated\">\n\t\t\t\t\t\t<div class=\"elementor-element elementor-element-7d7beaa elementor-widget elementor-widget-html\" data-id=\"7d7beaa\" data-element_type=\"widget\" data-e-type=\"widget\" data-widget_type=\"html.default\">\n\t\t\t\t<div class=\"elementor-widget-container\">\n\t\t\t\t\t<script src=\"https:\/\/jobs.karriere-kick.de\/embedscript\"\n\n    type=\"application\/javascript\" defer><\/script>\n\n<div data-kk-type=\"joblist\"\n\n    data-source=\"kkapp\"\n\n    data-limit=\"25\"\n\n    data-event=\"232\"><\/div>\t\t\t\t<\/div>\n\t\t\t\t<\/div>\n\t\t\t\t\t<\/div>\n\t\t<\/div>\n\t\t\t\t\t<\/div>\n\t\t<\/section>\n\t\t\t\t<\/div>\n\t\t","protected":false},"excerpt":{"rendered":"<p>Karriere Kick Jobboard Du bist auf der Suche nach einem Ausbildungsplatz oder m\u00f6chtest dich \u00fcber berufliche M\u00f6glichkeiten informieren? Das Karriere-Kick-Jobboard bietet eine \u00dcbersicht \u00fcber offene Stellen regionaler Unternehmen. Die Verantwortung f\u00fcr die Inhalte der jeweiligen Angebote liegt bei den ausschreibenden Firmen.<\/p>\n","protected":false},"author":1,"featured_media":0,"parent":0,"menu_order":0,"comment_status":"closed","ping_status":"closed","template":"","meta":{"site-sidebar-layout":"no-sidebar","site-content-layout":"page-builder","ast-site-content-layout":"full-width-container","site-content-style":"unboxed","site-sidebar-style":"unboxed","ast-global-header-display":"","ast-banner-title-visibility":"","ast-main-header-display":"","ast-hfb-above-header-display":"","ast-hfb-below-header-display":"","ast-hfb-mobile-header-display":"","site-post-title":"disabled","ast-breadcrumbs-content":"disabled","ast-featured-img":"disabled","footer-sml-layout":"","ast-disable-related-posts":"","theme-transparent-header-meta":"default","adv-header-id-meta":"","stick-header-meta":"","header-above-stick-meta":"","header-main-stick-meta":"","header-below-stick-meta":"","astra-migrate-meta-layouts":"set","ast-page-background-enabled":"default","ast-page-background-meta":{"desktop":{"background-color":"","background-image":"","background-repeat":"repeat","background-position":"center center","background-size":"auto","background-attachment":"scroll","background-type":"","background-media":"","overlay-type":"","overlay-color":"","overlay-opacity":"","overlay-gradient":""},"tablet":{"background-color":"","background-image":"","background-repeat":"repeat","background-position":"center center","background-size":"auto","background-attachment":"scroll","background-type":"","background-media":"","overlay-type":"","overlay-color":"","overlay-opacity":"","overlay-gradient":""},"mobile":{"background-color":"","background-image":"","background-repeat":"repeat","background-position":"center center","background-size":"auto","background-attachment":"scroll","background-type":"","background-media":"","overlay-type":"","overlay-color":"","overlay-opacity":"","overlay-gradient":""}},"ast-content-background-meta":{"desktop":{"background-color":"var(--ast-global-color-5)","background-image":"","background-repeat":"repeat","background-position":"center center","background-size":"auto","background-attachment":"scroll","background-type":"","background-media":"","overlay-type":"","overlay-color":"","overlay-opacity":"","overlay-gradient":""},"tablet":{"background-color":"var(--ast-global-color-5)","background-image":"","background-repeat":"repeat","background-position":"center center","background-size":"auto","background-attachment":"scroll","background-type":"","background-media":"","overlay-type":"","overlay-color":"","overlay-opacity":"","overlay-gradient":""},"mobile":{"background-color":"var(--ast-global-color-5)","background-image":"","background-repeat":"repeat","background-position":"center center","background-size":"auto","background-attachment":"scroll","background-type":"","background-media":"","overlay-type":"","overlay-color":"","overlay-opacity":"","overlay-gradient":""}},"footnotes":""},"class_list":["post-2814","page","type-page","status-publish","hentry"],"_links":{"self":[{"href":"https:\/\/hs-sophienstrasse.de\/index.php\/wp-json\/wp\/v2\/pages\/2814","targetHints":{"allow":["GET"]}}],"collection":[{"href":"https:\/\/hs-sophienstrasse.de\/index.php\/wp-json\/wp\/v2\/pages"}],"about":[{"href":"https:\/\/hs-sophienstrasse.de\/index.php\/wp-json\/wp\/v2\/types\/page"}],"author":[{"embeddable":true,"href":"https:\/\/hs-sophienstrasse.de\/index.php\/wp-json\/wp\/v2\/users\/1"}],"replies":[{"embeddable":true,"href":"https:\/\/hs-sophienstrasse.de\/index.php\/wp-json\/wp\/v2\/comments?post=2814"}],"version-history":[{"count":19,"href":"https:\/\/hs-sophienstrasse.de\/index.php\/wp-json\/wp\/v2\/pages\/2814\/revisions"}],"predecessor-version":[{"id":2837,"href":"https:\/\/hs-sophienstrasse.de\/index.php\/wp-json\/wp\/v2\/pages\/2814\/revisions\/2837"}],"wp:attachment":[{"href":"https:\/\/hs-sophienstrasse.de\/index.php\/wp-json\/wp\/v2\/media?parent=2814"}],"curies":[{"name":"wp","href":"https:\/\/api.w.org\/{rel}","templated":true}]}}