{"id":2023,"date":"2024-11-20T22:23:04","date_gmt":"2024-11-20T21:23:04","guid":{"rendered":"https:\/\/hs-sophienstrasse.de\/?page_id=2023"},"modified":"2024-11-20T22:47:05","modified_gmt":"2024-11-20T21:47:05","slug":"tu-braunschweig","status":"publish","type":"page","link":"https:\/\/hs-sophienstrasse.de\/index.php\/tu-braunschweig\/","title":{"rendered":"TU-Braunschweig"},"content":{"rendered":"\t\t<div data-elementor-type=\"wp-page\" data-elementor-id=\"2023\" class=\"elementor elementor-2023\" data-elementor-post-type=\"page\">\n\t\t\t\t\t\t<section class=\"elementor-section elementor-top-section elementor-element elementor-element-de4320f elementor-section-boxed elementor-section-height-default elementor-section-height-default\" data-id=\"de4320f\" data-element_type=\"section\" data-settings=\"{&quot;background_background&quot;:&quot;classic&quot;}\">\n\t\t\t\t\t\t<div class=\"elementor-container elementor-column-gap-no\">\n\t\t\t\t\t<div class=\"elementor-column elementor-col-100 elementor-top-column elementor-element elementor-element-7bdf3cf\" data-id=\"7bdf3cf\" data-element_type=\"column\">\n\t\t\t<div class=\"elementor-widget-wrap elementor-element-populated\">\n\t\t\t\t\t\t<div class=\"elementor-element elementor-element-61bec78 elementor-widget__width-initial elementor-widget elementor-widget-heading\" data-id=\"61bec78\" data-element_type=\"widget\" data-widget_type=\"heading.default\">\n\t\t\t\t<div class=\"elementor-widget-container\">\n\t\t\t\t\t<h1 class=\"elementor-heading-title elementor-size-default\">Praktika und Praxiserfahrungen an der Hauptschule Sophienstra\u00dfe \u2013 Kooperation mit der TU Braunschweig<\/h1>\t\t\t\t<\/div>\n\t\t\t\t<\/div>\n\t\t\t\t\t<\/div>\n\t\t<\/div>\n\t\t\t\t\t<\/div>\n\t\t<\/section>\n\t\t\t\t<section class=\"elementor-section elementor-top-section elementor-element elementor-element-34a55b3 elementor-section-boxed elementor-section-height-default elementor-section-height-default\" data-id=\"34a55b3\" data-element_type=\"section\" data-settings=\"{&quot;background_background&quot;:&quot;classic&quot;}\">\n\t\t\t\t\t\t<div class=\"elementor-container elementor-column-gap-no\">\n\t\t\t\t\t<div class=\"elementor-column elementor-col-100 elementor-top-column elementor-element elementor-element-6b51a29\" data-id=\"6b51a29\" data-element_type=\"column\">\n\t\t\t<div class=\"elementor-widget-wrap elementor-element-populated\">\n\t\t\t\t\t\t<div class=\"elementor-element elementor-element-82c3420 elementor-widget elementor-widget-text-editor\" data-id=\"82c3420\" data-element_type=\"widget\" data-widget_type=\"text-editor.default\">\n\t\t\t\t<div class=\"elementor-widget-container\">\n\t\t\t\t\t\t\t\t\t<p>An der Hauptschule Sophienstra\u00dfe bieten wir Studierenden des Masterstudiengangs Lehramt an Grund-, Haupt- und Realschulen wertvolle Praxiserfahrungen in enger Zusammenarbeit mit der TU Braunschweig. Im Rahmen der Praxisphasen und Praktika k\u00f6nnen Studierende nicht nur ihre fachlichen F\u00e4higkeiten vertiefen, sondern auch in der Praxis der Schulentwicklung und der Sprachf\u00f6rderung aktiv mitwirken.<\/p><p>Seit letztem Jahr unterst\u00fctzen zwei Tandems die Sprachf\u00f6rderung in unserer Sprachlernklasse: Ein Tandem ist zweimal w\u00f6chentlich, das andere einmal w\u00f6chentlich im Einsatz, um gezielt mit den Sch\u00fclerinnen und Sch\u00fclern zu arbeiten.<\/p><p>Zu den wichtigen Praxiserfahrungen der Tandemarbeit z\u00e4hlen unter anderem die Planung und Durchf\u00fchrung von sprachf\u00f6rdernden \u00dcbungen, angepasst an die individuellen Bed\u00fcrfnisse der Lernenden, sowie der Umgang mit heterogenen Gruppen, um gezielt auf unterschiedliche Sprachniveaus einzugehen. Diese enge Zusammenarbeit mit den Lehrkr\u00e4ften und Lernenden bereitet Sie optimal auf die Herausforderungen des Lehrerberufs vor.<\/p><p>\u00a0<\/p>\t\t\t\t\t\t\t\t<\/div>\n\t\t\t\t<\/div>\n\t\t\t\t<div class=\"elementor-element elementor-element-bc401c8 elementor-widget-mobile__width-inherit elementor-widget-divider--view-line elementor-widget elementor-widget-divider\" data-id=\"bc401c8\" data-element_type=\"widget\" data-widget_type=\"divider.default\">\n\t\t\t\t<div class=\"elementor-widget-container\">\n\t\t\t\t\t\t\t<div class=\"elementor-divider\">\n\t\t\t<span class=\"elementor-divider-separator\">\n\t\t\t\t\t\t<\/span>\n\t\t<\/div>\n\t\t\t\t\t\t<\/div>\n\t\t\t\t<\/div>\n\t\t\t\t\t<\/div>\n\t\t<\/div>\n\t\t\t\t\t<\/div>\n\t\t<\/section>\n\t\t\t\t<\/div>\n\t\t","protected":false},"excerpt":{"rendered":"<p>Praktika und Praxiserfahrungen an der Hauptschule Sophienstra\u00dfe \u2013 Kooperation mit der TU Braunschweig An der Hauptschule Sophienstra\u00dfe bieten wir Studierenden des Masterstudiengangs Lehramt an Grund-, Haupt- und Realschulen wertvolle Praxiserfahrungen in enger Zusammenarbeit mit der TU Braunschweig. Im Rahmen der Praxisphasen und Praktika k\u00f6nnen Studierende nicht nur ihre fachlichen F\u00e4higkeiten vertiefen, sondern auch in der [&hellip;]<\/p>\n","protected":false},"author":1,"featured_media":0,"parent":0,"menu_order":0,"comment_status":"closed","ping_status":"closed","template":"","meta":{"site-sidebar-layout":"no-sidebar","site-content-layout":"page-builder","ast-site-content-layout":"full-width-container","site-content-style":"unboxed","site-sidebar-style":"unboxed","ast-global-header-display":"","ast-banner-title-visibility":"","ast-main-header-display":"","ast-hfb-above-header-display":"","ast-hfb-below-header-display":"","ast-hfb-mobile-header-display":"","site-post-title":"disabled","ast-breadcrumbs-content":"disabled","ast-featured-img":"disabled","footer-sml-layout":"","theme-transparent-header-meta":"default","adv-header-id-meta":"","stick-header-meta":"","header-above-stick-meta":"","header-main-stick-meta":"","header-below-stick-meta":"","astra-migrate-meta-layouts":"set","ast-page-background-enabled":"default","ast-page-background-meta":{"desktop":{"background-color":"","background-image":"","background-repeat":"repeat","background-position":"center center","background-size":"auto","background-attachment":"scroll","background-type":"","background-media":"","overlay-type":"","overlay-color":"","overlay-opacity":"","overlay-gradient":""},"tablet":{"background-color":"","background-image":"","background-repeat":"repeat","background-position":"center center","background-size":"auto","background-attachment":"scroll","background-type":"","background-media":"","overlay-type":"","overlay-color":"","overlay-opacity":"","overlay-gradient":""},"mobile":{"background-color":"","background-image":"","background-repeat":"repeat","background-position":"center center","background-size":"auto","background-attachment":"scroll","background-type":"","background-media":"","overlay-type":"","overlay-color":"","overlay-opacity":"","overlay-gradient":""}},"ast-content-background-meta":{"desktop":{"background-color":"var(--ast-global-color-5)","background-image":"","background-repeat":"repeat","background-position":"center center","background-size":"auto","background-attachment":"scroll","background-type":"","background-media":"","overlay-type":"","overlay-color":"","overlay-opacity":"","overlay-gradient":""},"tablet":{"background-color":"var(--ast-global-color-5)","background-image":"","background-repeat":"repeat","background-position":"center center","background-size":"auto","background-attachment":"scroll","background-type":"","background-media":"","overlay-type":"","overlay-color":"","overlay-opacity":"","overlay-gradient":""},"mobile":{"background-color":"var(--ast-global-color-5)","background-image":"","background-repeat":"repeat","background-position":"center center","background-size":"auto","background-attachment":"scroll","background-type":"","background-media":"","overlay-type":"","overlay-color":"","overlay-opacity":"","overlay-gradient":""}},"footnotes":""},"class_list":["post-2023","page","type-page","status-publish","hentry"],"_links":{"self":[{"href":"https:\/\/hs-sophienstrasse.de\/index.php\/wp-json\/wp\/v2\/pages\/2023","targetHints":{"allow":["GET"]}}],"collection":[{"href":"https:\/\/hs-sophienstrasse.de\/index.php\/wp-json\/wp\/v2\/pages"}],"about":[{"href":"https:\/\/hs-sophienstrasse.de\/index.php\/wp-json\/wp\/v2\/types\/page"}],"author":[{"embeddable":true,"href":"https:\/\/hs-sophienstrasse.de\/index.php\/wp-json\/wp\/v2\/users\/1"}],"replies":[{"embeddable":true,"href":"https:\/\/hs-sophienstrasse.de\/index.php\/wp-json\/wp\/v2\/comments?post=2023"}],"version-history":[{"count":4,"href":"https:\/\/hs-sophienstrasse.de\/index.php\/wp-json\/wp\/v2\/pages\/2023\/revisions"}],"predecessor-version":[{"id":2027,"href":"https:\/\/hs-sophienstrasse.de\/index.php\/wp-json\/wp\/v2\/pages\/2023\/revisions\/2027"}],"wp:attachment":[{"href":"https:\/\/hs-sophienstrasse.de\/index.php\/wp-json\/wp\/v2\/media?parent=2023"}],"curies":[{"name":"wp","href":"https:\/\/api.w.org\/{rel}","templated":true}]}}