{"id":2018,"date":"2024-11-20T22:19:43","date_gmt":"2024-11-20T21:19:43","guid":{"rendered":"https:\/\/hs-sophienstrasse.de\/?page_id=2018"},"modified":"2024-11-20T22:21:39","modified_gmt":"2024-11-20T21:21:39","slug":"skibs","status":"publish","type":"page","link":"https:\/\/hs-sophienstrasse.de\/index.php\/skibs\/","title":{"rendered":"SKIBS"},"content":{"rendered":"\t\t<div data-elementor-type=\"wp-page\" data-elementor-id=\"2018\" class=\"elementor elementor-2018\" data-elementor-post-type=\"page\">\n\t\t\t\t\t\t<section class=\"elementor-section elementor-top-section elementor-element elementor-element-de4320f elementor-section-boxed elementor-section-height-default elementor-section-height-default\" data-id=\"de4320f\" data-element_type=\"section\" data-settings=\"{&quot;background_background&quot;:&quot;classic&quot;}\">\n\t\t\t\t\t\t<div class=\"elementor-container elementor-column-gap-no\">\n\t\t\t\t\t<div class=\"elementor-column elementor-col-100 elementor-top-column elementor-element elementor-element-7bdf3cf\" data-id=\"7bdf3cf\" data-element_type=\"column\">\n\t\t\t<div class=\"elementor-widget-wrap elementor-element-populated\">\n\t\t\t\t\t\t<div class=\"elementor-element elementor-element-61bec78 elementor-widget__width-initial elementor-widget elementor-widget-heading\" data-id=\"61bec78\" data-element_type=\"widget\" data-widget_type=\"heading.default\">\n\t\t\t\t<div class=\"elementor-widget-container\">\n\t\t\t\t\t<h1 class=\"elementor-heading-title elementor-size-default\">Stiftung Unsere Kinder in Braunschweig<\/h1>\t\t\t\t<\/div>\n\t\t\t\t<\/div>\n\t\t\t\t\t<\/div>\n\t\t<\/div>\n\t\t\t\t\t<\/div>\n\t\t<\/section>\n\t\t\t\t<section class=\"elementor-section elementor-top-section elementor-element elementor-element-34a55b3 elementor-section-boxed elementor-section-height-default elementor-section-height-default\" data-id=\"34a55b3\" data-element_type=\"section\" data-settings=\"{&quot;background_background&quot;:&quot;classic&quot;}\">\n\t\t\t\t\t\t<div class=\"elementor-container elementor-column-gap-no\">\n\t\t\t\t\t<div class=\"elementor-column elementor-col-100 elementor-top-column elementor-element elementor-element-6b51a29\" data-id=\"6b51a29\" data-element_type=\"column\">\n\t\t\t<div class=\"elementor-widget-wrap elementor-element-populated\">\n\t\t\t\t\t\t<div class=\"elementor-element elementor-element-82c3420 elementor-widget elementor-widget-text-editor\" data-id=\"82c3420\" data-element_type=\"widget\" data-widget_type=\"text-editor.default\">\n\t\t\t\t<div class=\"elementor-widget-container\">\n\t\t\t\t\t\t\t\t\t<p><strong>Unsere Kooperation mit VW Financial Services SKIBS \u2013 St\u00e4rkung von Bildung und Gemeinschaft<\/strong><\/p><p>Die Hauptschule Sophienstra\u00dfe ist stolz auf die langj\u00e4hrige Zusammenarbeit mit VW Financial Services SKIBS, die uns in mehreren Projekten ma\u00dfgeblich unterst\u00fctzt. Durch diese Partnerschaft konnten wir zahlreiche Initiativen umsetzen, die unsere Sch\u00fclerinnen und Sch\u00fcler in ihrer pers\u00f6nlichen und beruflichen Entwicklung f\u00f6rdern.<\/p><p><strong>Chillk\u00fcche \u2013 Jugendliche f\u00fcr die Gastronomie begeistern<\/strong><br \/>Seit 2012 unterst\u00fctzt uns VW Financial Services SKIBS bei der Finanzierung der \u201eChillk\u00fcche\u201c an unserer Schule. Hier bereiten Sch\u00fclerinnen und Sch\u00fcler mit Unterst\u00fctzung von Damen des M\u00fctterzentrums Braunschweig e.V. t\u00e4glich ein frisch zubereitetes, dreig\u00e4ngiges Mittagessen f\u00fcr nur 1 Euro zu. Neben der Vermittlung von kulinarischen F\u00e4higkeiten stehen auch soziale Kompetenzen wie Verantwortung, Teamarbeit und Tischsitten im Fokus. Dieses Projekt bietet unseren Sch\u00fclerinnen und Sch\u00fclern nicht nur eine warme Mahlzeit, sondern auch wertvolle Erfahrungen f\u00fcr ihre pers\u00f6nliche und berufliche Zukunft \u2013 insbesondere in der Gastronomie.<\/p><p><strong>Praxisklasse \u2013 Mit einem starken Auftritt ins Berufsleben starten<\/strong><br \/>Im Rahmen des Nieders\u00e4chsischen Projekts \u201ePraxisklasse\u201c unterst\u00fctzt uns SKIBS beim theaterp\u00e4dagogischen Baustein \u201eDurchstarten ins Berufsleben \u2013 Starker Auftritt\u201c. Hier werden Sch\u00fcler durch kreative Methoden gest\u00e4rkt, ihre eigenen St\u00e4rken zu erkennen, ihr Selbstwertgef\u00fchl zu steigern und sich optimal auf den \u00dcbergang ins Berufsleben vorzubereiten. Durchgef\u00fchrt wird dieses Projekt in Zusammenarbeit mit dem Theaterp\u00e4dagogischen Zentrum Braunschweig e.V., um den Jugendlichen mit Mut und Zutrauen zu neuen beruflichen Perspektiven zu verhelfen.<\/p><p><strong>Deutsch als Zweitsprache \u2013 Sprachf\u00f6rderung durch kreative Medien<\/strong><br \/>Ein weiteres von SKIBS unterst\u00fctztes Projekt ist der theaterp\u00e4dagogische Baustein \u201eIch. Hier. Wir.\u201c, der speziell f\u00fcr Sch\u00fclerinnen und Sch\u00fcler der DAZ-Klasse an unserer Schule entwickelt wurde. Ziel ist es, den Jugendlichen auf spielerische und k\u00fcnstlerische Weise zu helfen, ihre Deutschkenntnisse zu verbessern und ein positives Gemeinschaftsgef\u00fchl zu entwickeln. Dabei kommen Elemente aus den Bereichen Kunst, Theater, Fotografie und Film zum Einsatz.<\/p><p>Durch die gro\u00dfz\u00fcgige Unterst\u00fctzung von VW Financial Services SKIBS k\u00f6nnen wir diesen Projekten Leben einhauchen und unseren Sch\u00fclerinnen und Sch\u00fclern wertvolle Chancen f\u00fcr ihre Zukunft bieten. Mehr \u00fcber die Projekte von VW Financial Services SKIBS erfahren Sie <a href=\"https:\/\/www.skibs.de\/unsere-projekte\/ernahrung-verbessern\/\">hier<\/a>.<\/p><p>\u00a0<\/p>\t\t\t\t\t\t\t\t<\/div>\n\t\t\t\t<\/div>\n\t\t\t\t<div class=\"elementor-element elementor-element-bc401c8 elementor-widget-mobile__width-inherit elementor-widget-divider--view-line elementor-widget elementor-widget-divider\" data-id=\"bc401c8\" data-element_type=\"widget\" data-widget_type=\"divider.default\">\n\t\t\t\t<div class=\"elementor-widget-container\">\n\t\t\t\t\t\t\t<div class=\"elementor-divider\">\n\t\t\t<span class=\"elementor-divider-separator\">\n\t\t\t\t\t\t<\/span>\n\t\t<\/div>\n\t\t\t\t\t\t<\/div>\n\t\t\t\t<\/div>\n\t\t\t\t\t<\/div>\n\t\t<\/div>\n\t\t\t\t\t<\/div>\n\t\t<\/section>\n\t\t\t\t<\/div>\n\t\t","protected":false},"excerpt":{"rendered":"<p>Stiftung Unsere Kinder in Braunschweig Unsere Kooperation mit VW Financial Services SKIBS \u2013 St\u00e4rkung von Bildung und Gemeinschaft Die Hauptschule Sophienstra\u00dfe ist stolz auf die langj\u00e4hrige Zusammenarbeit mit VW Financial Services SKIBS, die uns in mehreren Projekten ma\u00dfgeblich unterst\u00fctzt. Durch diese Partnerschaft konnten wir zahlreiche Initiativen umsetzen, die unsere Sch\u00fclerinnen und Sch\u00fcler in ihrer pers\u00f6nlichen [&hellip;]<\/p>\n","protected":false},"author":1,"featured_media":0,"parent":0,"menu_order":0,"comment_status":"closed","ping_status":"closed","template":"","meta":{"site-sidebar-layout":"no-sidebar","site-content-layout":"page-builder","ast-site-content-layout":"full-width-container","site-content-style":"unboxed","site-sidebar-style":"unboxed","ast-global-header-display":"","ast-banner-title-visibility":"","ast-main-header-display":"","ast-hfb-above-header-display":"","ast-hfb-below-header-display":"","ast-hfb-mobile-header-display":"","site-post-title":"disabled","ast-breadcrumbs-content":"disabled","ast-featured-img":"disabled","footer-sml-layout":"","theme-transparent-header-meta":"default","adv-header-id-meta":"","stick-header-meta":"","header-above-stick-meta":"","header-main-stick-meta":"","header-below-stick-meta":"","astra-migrate-meta-layouts":"set","ast-page-background-enabled":"default","ast-page-background-meta":{"desktop":{"background-color":"","background-image":"","background-repeat":"repeat","background-position":"center center","background-size":"auto","background-attachment":"scroll","background-type":"","background-media":"","overlay-type":"","overlay-color":"","overlay-opacity":"","overlay-gradient":""},"tablet":{"background-color":"","background-image":"","background-repeat":"repeat","background-position":"center center","background-size":"auto","background-attachment":"scroll","background-type":"","background-media":"","overlay-type":"","overlay-color":"","overlay-opacity":"","overlay-gradient":""},"mobile":{"background-color":"","background-image":"","background-repeat":"repeat","background-position":"center center","background-size":"auto","background-attachment":"scroll","background-type":"","background-media":"","overlay-type":"","overlay-color":"","overlay-opacity":"","overlay-gradient":""}},"ast-content-background-meta":{"desktop":{"background-color":"var(--ast-global-color-5)","background-image":"","background-repeat":"repeat","background-position":"center center","background-size":"auto","background-attachment":"scroll","background-type":"","background-media":"","overlay-type":"","overlay-color":"","overlay-opacity":"","overlay-gradient":""},"tablet":{"background-color":"var(--ast-global-color-5)","background-image":"","background-repeat":"repeat","background-position":"center center","background-size":"auto","background-attachment":"scroll","background-type":"","background-media":"","overlay-type":"","overlay-color":"","overlay-opacity":"","overlay-gradient":""},"mobile":{"background-color":"var(--ast-global-color-5)","background-image":"","background-repeat":"repeat","background-position":"center center","background-size":"auto","background-attachment":"scroll","background-type":"","background-media":"","overlay-type":"","overlay-color":"","overlay-opacity":"","overlay-gradient":""}},"footnotes":""},"class_list":["post-2018","page","type-page","status-publish","hentry"],"_links":{"self":[{"href":"https:\/\/hs-sophienstrasse.de\/index.php\/wp-json\/wp\/v2\/pages\/2018","targetHints":{"allow":["GET"]}}],"collection":[{"href":"https:\/\/hs-sophienstrasse.de\/index.php\/wp-json\/wp\/v2\/pages"}],"about":[{"href":"https:\/\/hs-sophienstrasse.de\/index.php\/wp-json\/wp\/v2\/types\/page"}],"author":[{"embeddable":true,"href":"https:\/\/hs-sophienstrasse.de\/index.php\/wp-json\/wp\/v2\/users\/1"}],"replies":[{"embeddable":true,"href":"https:\/\/hs-sophienstrasse.de\/index.php\/wp-json\/wp\/v2\/comments?post=2018"}],"version-history":[{"count":4,"href":"https:\/\/hs-sophienstrasse.de\/index.php\/wp-json\/wp\/v2\/pages\/2018\/revisions"}],"predecessor-version":[{"id":2022,"href":"https:\/\/hs-sophienstrasse.de\/index.php\/wp-json\/wp\/v2\/pages\/2018\/revisions\/2022"}],"wp:attachment":[{"href":"https:\/\/hs-sophienstrasse.de\/index.php\/wp-json\/wp\/v2\/media?parent=2018"}],"curies":[{"name":"wp","href":"https:\/\/api.w.org\/{rel}","templated":true}]}}