{"id":1936,"date":"2024-11-13T10:24:32","date_gmt":"2024-11-13T09:24:32","guid":{"rendered":"https:\/\/hs-sophienstrasse.de\/?page_id=1936"},"modified":"2024-11-14T11:55:08","modified_gmt":"2024-11-14T10:55:08","slug":"spielraum-tpz","status":"publish","type":"page","link":"https:\/\/hs-sophienstrasse.de\/index.php\/spielraum-tpz\/","title":{"rendered":"Spielraum TPZ"},"content":{"rendered":"\t\t<div data-elementor-type=\"wp-page\" data-elementor-id=\"1936\" class=\"elementor elementor-1936\" data-elementor-post-type=\"page\">\n\t\t\t\t\t\t<section class=\"elementor-section elementor-top-section elementor-element elementor-element-de4320f elementor-section-boxed elementor-section-height-default elementor-section-height-default\" data-id=\"de4320f\" data-element_type=\"section\" data-settings=\"{&quot;background_background&quot;:&quot;classic&quot;}\">\n\t\t\t\t\t\t<div class=\"elementor-container elementor-column-gap-no\">\n\t\t\t\t\t<div class=\"elementor-column elementor-col-100 elementor-top-column elementor-element elementor-element-7bdf3cf\" data-id=\"7bdf3cf\" data-element_type=\"column\">\n\t\t\t<div class=\"elementor-widget-wrap elementor-element-populated\">\n\t\t\t\t\t\t<div class=\"elementor-element elementor-element-61bec78 elementor-widget__width-initial elementor-widget elementor-widget-heading\" data-id=\"61bec78\" data-element_type=\"widget\" data-widget_type=\"heading.default\">\n\t\t\t\t<div class=\"elementor-widget-container\">\n\t\t\t\t\t<h1 class=\"elementor-heading-title elementor-size-default\">Theaterp\u00e4dagogisches Zentrum Braunschweig e.V.<\/h1>\t\t\t\t<\/div>\n\t\t\t\t<\/div>\n\t\t\t\t\t<\/div>\n\t\t<\/div>\n\t\t\t\t\t<\/div>\n\t\t<\/section>\n\t\t\t\t<section class=\"elementor-section elementor-top-section elementor-element elementor-element-34a55b3 elementor-section-boxed elementor-section-height-default elementor-section-height-default\" data-id=\"34a55b3\" data-element_type=\"section\" data-settings=\"{&quot;background_background&quot;:&quot;classic&quot;}\">\n\t\t\t\t\t\t<div class=\"elementor-container elementor-column-gap-no\">\n\t\t\t\t\t<div class=\"elementor-column elementor-col-100 elementor-top-column elementor-element elementor-element-6b51a29\" data-id=\"6b51a29\" data-element_type=\"column\">\n\t\t\t<div class=\"elementor-widget-wrap elementor-element-populated\">\n\t\t\t\t\t\t<div class=\"elementor-element elementor-element-82c3420 elementor-widget elementor-widget-text-editor\" data-id=\"82c3420\" data-element_type=\"widget\" data-widget_type=\"text-editor.default\">\n\t\t\t\t<div class=\"elementor-widget-container\">\n\t\t\t\t\t\t\t\t\t<p>Seit mehreren Jahren arbeiten wir als <strong>Hauptschule Sophienstra\u00dfe<\/strong> eng mit dem <a href=\"https:\/\/www.tpz-bs.de\/\"><strong>Spielraum TPZ \u2013 Theaterp\u00e4dagogisches Zentrum Braunschweig e.V.<\/strong> <\/a>zusammen. In dieser Kooperation hatten wir bis vor kurzem die M\u00f6glichkeit unserer <strong>Sprachlernklasse<\/strong> eine wertvolle Gelegenheit zu bieten, sich kreativ auszudr\u00fccken und ihre sprachlichen und sozialen F\u00e4higkeiten zu st\u00e4rken. Des Weiteren hat der Spielraum TPZ ein Theaterangebot mit der Praxisklasse die Schuljahre zuvor gehabt.<\/p><p>Durch theaterp\u00e4dagogische Projekte k\u00f6nnen die Jugendlichen mit Migrationshintergrund auf kreative Weise ihre Sprache entwickeln, ihre Integration f\u00f6rdern und gleichzeitig ihre Pers\u00f6nlichkeitsentwicklung vorantreiben. Das TPZ unterst\u00fctzt uns dabei, individuell auf die Bed\u00fcrfnisse der Sch\u00fcler*innen einzugehen, indem es ihnen erm\u00f6glicht, Themen wie Identit\u00e4t, Kultur und Gesellschaft auf eine k\u00fcnstlerische Art und Weise zu reflektieren.<\/p><p>Diese Zusammenarbeit ist f\u00fcr uns als Schule ein wichtiger Bestandteil der integrativen Bildungsarbeit. Sie bietet den Sch\u00fcler*innen nicht nur einen Raum, um ihre Sprachkenntnisse zu erweitern, sondern f\u00f6rdert auch das Verst\u00e4ndnis f\u00fcreinander und st\u00e4rkt die sozialen Bindungen innerhalb der Gruppe.<\/p>\t\t\t\t\t\t\t\t<\/div>\n\t\t\t\t<\/div>\n\t\t\t\t<div class=\"elementor-element elementor-element-bc401c8 elementor-widget-mobile__width-inherit elementor-widget-divider--view-line elementor-widget elementor-widget-divider\" data-id=\"bc401c8\" data-element_type=\"widget\" data-widget_type=\"divider.default\">\n\t\t\t\t<div class=\"elementor-widget-container\">\n\t\t\t\t\t\t\t<div class=\"elementor-divider\">\n\t\t\t<span class=\"elementor-divider-separator\">\n\t\t\t\t\t\t<\/span>\n\t\t<\/div>\n\t\t\t\t\t\t<\/div>\n\t\t\t\t<\/div>\n\t\t\t\t\t<\/div>\n\t\t<\/div>\n\t\t\t\t\t<\/div>\n\t\t<\/section>\n\t\t\t\t<\/div>\n\t\t","protected":false},"excerpt":{"rendered":"<p>Theaterp\u00e4dagogisches Zentrum Braunschweig e.V. Seit mehreren Jahren arbeiten wir als Hauptschule Sophienstra\u00dfe eng mit dem Spielraum TPZ \u2013 Theaterp\u00e4dagogisches Zentrum Braunschweig e.V. zusammen. In dieser Kooperation hatten wir bis vor kurzem die M\u00f6glichkeit unserer Sprachlernklasse eine wertvolle Gelegenheit zu bieten, sich kreativ auszudr\u00fccken und ihre sprachlichen und sozialen F\u00e4higkeiten zu st\u00e4rken. Des Weiteren hat der [&hellip;]<\/p>\n","protected":false},"author":1,"featured_media":0,"parent":0,"menu_order":0,"comment_status":"closed","ping_status":"closed","template":"","meta":{"site-sidebar-layout":"no-sidebar","site-content-layout":"page-builder","ast-site-content-layout":"full-width-container","site-content-style":"unboxed","site-sidebar-style":"unboxed","ast-global-header-display":"","ast-banner-title-visibility":"","ast-main-header-display":"","ast-hfb-above-header-display":"","ast-hfb-below-header-display":"","ast-hfb-mobile-header-display":"","site-post-title":"disabled","ast-breadcrumbs-content":"disabled","ast-featured-img":"disabled","footer-sml-layout":"","theme-transparent-header-meta":"default","adv-header-id-meta":"","stick-header-meta":"","header-above-stick-meta":"","header-main-stick-meta":"","header-below-stick-meta":"","astra-migrate-meta-layouts":"set","ast-page-background-enabled":"default","ast-page-background-meta":{"desktop":{"background-color":"","background-image":"","background-repeat":"repeat","background-position":"center center","background-size":"auto","background-attachment":"scroll","background-type":"","background-media":"","overlay-type":"","overlay-color":"","overlay-opacity":"","overlay-gradient":""},"tablet":{"background-color":"","background-image":"","background-repeat":"repeat","background-position":"center center","background-size":"auto","background-attachment":"scroll","background-type":"","background-media":"","overlay-type":"","overlay-color":"","overlay-opacity":"","overlay-gradient":""},"mobile":{"background-color":"","background-image":"","background-repeat":"repeat","background-position":"center center","background-size":"auto","background-attachment":"scroll","background-type":"","background-media":"","overlay-type":"","overlay-color":"","overlay-opacity":"","overlay-gradient":""}},"ast-content-background-meta":{"desktop":{"background-color":"var(--ast-global-color-5)","background-image":"","background-repeat":"repeat","background-position":"center center","background-size":"auto","background-attachment":"scroll","background-type":"","background-media":"","overlay-type":"","overlay-color":"","overlay-opacity":"","overlay-gradient":""},"tablet":{"background-color":"var(--ast-global-color-5)","background-image":"","background-repeat":"repeat","background-position":"center center","background-size":"auto","background-attachment":"scroll","background-type":"","background-media":"","overlay-type":"","overlay-color":"","overlay-opacity":"","overlay-gradient":""},"mobile":{"background-color":"var(--ast-global-color-5)","background-image":"","background-repeat":"repeat","background-position":"center center","background-size":"auto","background-attachment":"scroll","background-type":"","background-media":"","overlay-type":"","overlay-color":"","overlay-opacity":"","overlay-gradient":""}},"footnotes":""},"class_list":["post-1936","page","type-page","status-publish","hentry"],"_links":{"self":[{"href":"https:\/\/hs-sophienstrasse.de\/index.php\/wp-json\/wp\/v2\/pages\/1936","targetHints":{"allow":["GET"]}}],"collection":[{"href":"https:\/\/hs-sophienstrasse.de\/index.php\/wp-json\/wp\/v2\/pages"}],"about":[{"href":"https:\/\/hs-sophienstrasse.de\/index.php\/wp-json\/wp\/v2\/types\/page"}],"author":[{"embeddable":true,"href":"https:\/\/hs-sophienstrasse.de\/index.php\/wp-json\/wp\/v2\/users\/1"}],"replies":[{"embeddable":true,"href":"https:\/\/hs-sophienstrasse.de\/index.php\/wp-json\/wp\/v2\/comments?post=1936"}],"version-history":[{"count":10,"href":"https:\/\/hs-sophienstrasse.de\/index.php\/wp-json\/wp\/v2\/pages\/1936\/revisions"}],"predecessor-version":[{"id":1993,"href":"https:\/\/hs-sophienstrasse.de\/index.php\/wp-json\/wp\/v2\/pages\/1936\/revisions\/1993"}],"wp:attachment":[{"href":"https:\/\/hs-sophienstrasse.de\/index.php\/wp-json\/wp\/v2\/media?parent=1936"}],"curies":[{"name":"wp","href":"https:\/\/api.w.org\/{rel}","templated":true}]}}