{"id":1842,"date":"2024-11-12T22:00:43","date_gmt":"2024-11-12T21:00:43","guid":{"rendered":"https:\/\/hs-sophienstrasse.de\/?page_id=1842"},"modified":"2024-11-12T22:48:59","modified_gmt":"2024-11-12T21:48:59","slug":"k-now-ledge-rap-projekte-fuer-schuelerinnen","status":"publish","type":"page","link":"https:\/\/hs-sophienstrasse.de\/index.php\/k-now-ledge-rap-projekte-fuer-schuelerinnen\/","title":{"rendered":"k-now-ledge"},"content":{"rendered":"\t\t<div data-elementor-type=\"wp-page\" data-elementor-id=\"1842\" class=\"elementor elementor-1842\" data-elementor-post-type=\"page\">\n\t\t\t\t\t\t<section class=\"elementor-section elementor-top-section elementor-element elementor-element-de4320f elementor-section-boxed elementor-section-height-default elementor-section-height-default\" data-id=\"de4320f\" data-element_type=\"section\" data-settings=\"{&quot;background_background&quot;:&quot;classic&quot;}\">\n\t\t\t\t\t\t<div class=\"elementor-container elementor-column-gap-no\">\n\t\t\t\t\t<div class=\"elementor-column elementor-col-100 elementor-top-column elementor-element elementor-element-7bdf3cf\" data-id=\"7bdf3cf\" data-element_type=\"column\">\n\t\t\t<div class=\"elementor-widget-wrap elementor-element-populated\">\n\t\t\t\t\t\t<div class=\"elementor-element elementor-element-61bec78 elementor-widget elementor-widget-heading\" data-id=\"61bec78\" data-element_type=\"widget\" data-widget_type=\"heading.default\">\n\t\t\t\t<div class=\"elementor-widget-container\">\n\t\t\t\t\t<h1 class=\"elementor-heading-title elementor-size-default\">k\u00b7now\u00b7ledge \u2013 Rap-Projekte f\u00fcr Sch\u00fclerInnen<\/h1>\t\t\t\t<\/div>\n\t\t\t\t<\/div>\n\t\t\t\t\t<\/div>\n\t\t<\/div>\n\t\t\t\t\t<\/div>\n\t\t<\/section>\n\t\t\t\t<section class=\"elementor-section elementor-top-section elementor-element elementor-element-2880880 elementor-section-boxed elementor-section-height-default elementor-section-height-default\" data-id=\"2880880\" data-element_type=\"section\">\n\t\t\t\t\t\t<div class=\"elementor-container elementor-column-gap-default\">\n\t\t\t\t\t<div class=\"elementor-column elementor-col-100 elementor-top-column elementor-element elementor-element-5f82a69\" data-id=\"5f82a69\" data-element_type=\"column\">\n\t\t\t<div class=\"elementor-widget-wrap elementor-element-populated\">\n\t\t\t\t\t\t<div class=\"elementor-element elementor-element-2b4af59 elementor-widget elementor-widget-text-editor\" data-id=\"2b4af59\" data-element_type=\"widget\" data-widget_type=\"text-editor.default\">\n\t\t\t\t<div class=\"elementor-widget-container\">\n\t\t\t\t\t\t\t\t\t<p>Die Hauptschule Sophienstra\u00dfe freut sich \u00fcber die erfolgreiche Zusammenarbeit mit <strong>k\u00b7now\u00b7ledge<\/strong>, einem innovativen Projekt, das Jugendlichen Raum f\u00fcr Kreativit\u00e4t, Selbstreflexion und pers\u00f6nliche Entwicklung bietet. Im Rahmen unserer Kooperation haben wir bereits einen <strong>Rapworkshop<\/strong> mit dem 9. Jahrgang durchgef\u00fchrt, bei dem die Sch\u00fclerinnen und Sch\u00fcler ihre eigenen Gedanken und Gef\u00fchle in Musik und Text umsetzen konnten.<\/p><p>Unter professioneller Anleitung haben die Jugendlichen nicht nur ihre Rap-Skills verbessert, sondern auch einen eigenen Track aufgenommen, der ihre Kreativit\u00e4t und ihre Auseinandersetzung mit Themen wie Identit\u00e4t und gesellschaftlichen Werten widerspiegelt.<\/p><p>Wir bedanken uns bei k\u00b7now\u00b7ledge f\u00fcr die wertvolle Unterst\u00fctzung und freuen uns auf weitere gemeinsame Projekte, die unseren Sch\u00fcler*innen erm\u00f6glichen, sich auszudr\u00fccken und wichtige Lebenskompetenzen zu entwickeln.<\/p><p><strong>Kontakt zu k\u00b7now\u00b7ledge<\/strong><br \/>Andreas Bucklisch<br \/>Neustadtring 9, 38114 Braunschweig<br \/>Telefon: +49 177 7795369<br \/>E-Mail: andreas@knowledge-projekt.de<br \/>Website: <a href=\"http:\/\/www.knowledge-projekt.de\">k\u00b7now\u00b7ledge<\/a><\/p>\t\t\t\t\t\t\t\t<\/div>\n\t\t\t\t<\/div>\n\t\t\t\t\t<\/div>\n\t\t<\/div>\n\t\t\t\t\t<\/div>\n\t\t<\/section>\n\t\t\t\t<\/div>\n\t\t","protected":false},"excerpt":{"rendered":"<p>k\u00b7now\u00b7ledge \u2013 Rap-Projekte f\u00fcr Sch\u00fclerInnen Die Hauptschule Sophienstra\u00dfe freut sich \u00fcber die erfolgreiche Zusammenarbeit mit k\u00b7now\u00b7ledge, einem innovativen Projekt, das Jugendlichen Raum f\u00fcr Kreativit\u00e4t, Selbstreflexion und pers\u00f6nliche Entwicklung bietet. Im Rahmen unserer Kooperation haben wir bereits einen Rapworkshop mit dem 9. Jahrgang durchgef\u00fchrt, bei dem die Sch\u00fclerinnen und Sch\u00fcler ihre eigenen Gedanken und Gef\u00fchle in [&hellip;]<\/p>\n","protected":false},"author":1,"featured_media":0,"parent":0,"menu_order":0,"comment_status":"closed","ping_status":"closed","template":"","meta":{"site-sidebar-layout":"no-sidebar","site-content-layout":"page-builder","ast-site-content-layout":"full-width-container","site-content-style":"unboxed","site-sidebar-style":"unboxed","ast-global-header-display":"","ast-banner-title-visibility":"","ast-main-header-display":"","ast-hfb-above-header-display":"","ast-hfb-below-header-display":"","ast-hfb-mobile-header-display":"","site-post-title":"disabled","ast-breadcrumbs-content":"disabled","ast-featured-img":"disabled","footer-sml-layout":"","theme-transparent-header-meta":"default","adv-header-id-meta":"","stick-header-meta":"","header-above-stick-meta":"","header-main-stick-meta":"","header-below-stick-meta":"","astra-migrate-meta-layouts":"set","ast-page-background-enabled":"default","ast-page-background-meta":{"desktop":{"background-color":"","background-image":"","background-repeat":"repeat","background-position":"center center","background-size":"auto","background-attachment":"scroll","background-type":"","background-media":"","overlay-type":"","overlay-color":"","overlay-opacity":"","overlay-gradient":""},"tablet":{"background-color":"","background-image":"","background-repeat":"repeat","background-position":"center center","background-size":"auto","background-attachment":"scroll","background-type":"","background-media":"","overlay-type":"","overlay-color":"","overlay-opacity":"","overlay-gradient":""},"mobile":{"background-color":"","background-image":"","background-repeat":"repeat","background-position":"center center","background-size":"auto","background-attachment":"scroll","background-type":"","background-media":"","overlay-type":"","overlay-color":"","overlay-opacity":"","overlay-gradient":""}},"ast-content-background-meta":{"desktop":{"background-color":"var(--ast-global-color-5)","background-image":"","background-repeat":"repeat","background-position":"center center","background-size":"auto","background-attachment":"scroll","background-type":"","background-media":"","overlay-type":"","overlay-color":"","overlay-opacity":"","overlay-gradient":""},"tablet":{"background-color":"var(--ast-global-color-5)","background-image":"","background-repeat":"repeat","background-position":"center center","background-size":"auto","background-attachment":"scroll","background-type":"","background-media":"","overlay-type":"","overlay-color":"","overlay-opacity":"","overlay-gradient":""},"mobile":{"background-color":"var(--ast-global-color-5)","background-image":"","background-repeat":"repeat","background-position":"center center","background-size":"auto","background-attachment":"scroll","background-type":"","background-media":"","overlay-type":"","overlay-color":"","overlay-opacity":"","overlay-gradient":""}},"footnotes":""},"class_list":["post-1842","page","type-page","status-publish","hentry"],"_links":{"self":[{"href":"https:\/\/hs-sophienstrasse.de\/index.php\/wp-json\/wp\/v2\/pages\/1842","targetHints":{"allow":["GET"]}}],"collection":[{"href":"https:\/\/hs-sophienstrasse.de\/index.php\/wp-json\/wp\/v2\/pages"}],"about":[{"href":"https:\/\/hs-sophienstrasse.de\/index.php\/wp-json\/wp\/v2\/types\/page"}],"author":[{"embeddable":true,"href":"https:\/\/hs-sophienstrasse.de\/index.php\/wp-json\/wp\/v2\/users\/1"}],"replies":[{"embeddable":true,"href":"https:\/\/hs-sophienstrasse.de\/index.php\/wp-json\/wp\/v2\/comments?post=1842"}],"version-history":[{"count":8,"href":"https:\/\/hs-sophienstrasse.de\/index.php\/wp-json\/wp\/v2\/pages\/1842\/revisions"}],"predecessor-version":[{"id":1897,"href":"https:\/\/hs-sophienstrasse.de\/index.php\/wp-json\/wp\/v2\/pages\/1842\/revisions\/1897"}],"wp:attachment":[{"href":"https:\/\/hs-sophienstrasse.de\/index.php\/wp-json\/wp\/v2\/media?parent=1842"}],"curies":[{"name":"wp","href":"https:\/\/api.w.org\/{rel}","templated":true}]}}