{"id":1786,"date":"2024-11-12T19:31:41","date_gmt":"2024-11-12T18:31:41","guid":{"rendered":"https:\/\/hs-sophienstrasse.de\/?page_id=1786"},"modified":"2024-11-20T22:53:25","modified_gmt":"2024-11-20T21:53:25","slug":"berufsberatung","status":"publish","type":"page","link":"https:\/\/hs-sophienstrasse.de\/index.php\/berufsberatung\/","title":{"rendered":"Berufsberatung: Bundesagentur"},"content":{"rendered":"<style>\/*! elementor - v3.23.0 - 05-08-2024 *\/\n.elementor-heading-title{padding:0;margin:0;line-height:1}.elementor-widget-heading .elementor-heading-title[class*=elementor-size-]>a{color:inherit;font-size:inherit;line-height:inherit}.elementor-widget-heading .elementor-heading-title.elementor-size-small{font-size:15px}.elementor-widget-heading .elementor-heading-title.elementor-size-medium{font-size:19px}.elementor-widget-heading .elementor-heading-title.elementor-size-large{font-size:29px}.elementor-widget-heading .elementor-heading-title.elementor-size-xl{font-size:39px}.elementor-widget-heading .elementor-heading-title.elementor-size-xxl{font-size:59px}<\/style>\n<h1>Berufsberatung: Bundesagentur<\/h1>\n<p>Unser Berufsberater unterst\u00fctzt dich bei allen Fragen rund um die Berufswahl und Ausbildung. Von der Orientierung \u00fcber berufliche M\u00f6glichkeiten bis hin zur Vermittlung von Ausbildungsstellen \u2013 er bietet dir eine umfassende und neutrale Beratung, die individuell auf deine Bed\u00fcrfnisse abgestimmt ist. Auch Eltern sind herzlich willkommen, um gemeinsam mit ihm die berufliche Zukunft ihrer Kinder zu planen. Vereinbare gerne ein pers\u00f6nliches Gespr\u00e4ch oder nutze die regelm\u00e4\u00dfigen Schulsprechstunden vor Ort.<\/p>\n<p><a href=\"https:\/\/www.arbeitsagentur.de\/vor-ort\/braunschweig-goslar\/hs-sophienstrasse?pk_campaign=schulwebsite\">Hier geht es zur Website der Arbeitsagentur<\/a><\/p>\n<style>\/*! elementor - v3.23.0 - 05-08-2024 *\/\n.elementor-widget-image{text-align:center}.elementor-widget-image a{display:inline-block}.elementor-widget-image a img[src$=\".svg\"]{width:48px}.elementor-widget-image img{vertical-align:middle;display:inline-block}<\/style>\n<p>\t\t\t\t\t\t\t\t\t\t\t<a href=\"https:\/\/www.arbeitsagentur.de\/vor-ort\/braunschweig-goslar\/hs-sophienstrasse?pk_campaign=schulwebsite\"><br \/>\n\t\t\t\t\t\t\t<img fetchpriority=\"high\" decoding=\"async\" width=\"1024\" height=\"390\" src=\"https:\/\/hs-sophienstrasse.de\/wp-content\/uploads\/2024\/08\/schulbanner-bundesagentur-fuer-arbeit.jpg-1024x390.webp\" alt=\"\" srcset=\"https:\/\/hs-sophienstrasse.de\/wp-content\/uploads\/2024\/08\/schulbanner-bundesagentur-fuer-arbeit.jpg-1024x390.webp 1024w, https:\/\/hs-sophienstrasse.de\/wp-content\/uploads\/2024\/08\/schulbanner-bundesagentur-fuer-arbeit.jpg-300x114.webp 300w, https:\/\/hs-sophienstrasse.de\/wp-content\/uploads\/2024\/08\/schulbanner-bundesagentur-fuer-arbeit.jpg-768x292.webp 768w, https:\/\/hs-sophienstrasse.de\/wp-content\/uploads\/2024\/08\/schulbanner-bundesagentur-fuer-arbeit.jpg-1536x585.webp 1536w, https:\/\/hs-sophienstrasse.de\/wp-content\/uploads\/2024\/08\/schulbanner-bundesagentur-fuer-arbeit.jpg.webp 1920w\" sizes=\"(max-width: 1024px) 100vw, 1024px\" \/>\t\t\t\t\t\t\t\t<\/a><\/p>\n","protected":false},"excerpt":{"rendered":"<p>Berufsberatung: Bundesagentur Unser Berufsberater unterst\u00fctzt dich bei allen Fragen rund um die Berufswahl und Ausbildung. Von der Orientierung \u00fcber berufliche M\u00f6glichkeiten bis hin zur Vermittlung von Ausbildungsstellen \u2013 er bietet dir eine umfassende und neutrale Beratung, die individuell auf deine Bed\u00fcrfnisse abgestimmt ist. Auch Eltern sind herzlich willkommen, um gemeinsam mit ihm die berufliche Zukunft [&hellip;]<\/p>\n","protected":false},"author":1,"featured_media":0,"parent":0,"menu_order":0,"comment_status":"closed","ping_status":"closed","template":"","meta":{"site-sidebar-layout":"no-sidebar","site-content-layout":"page-builder","ast-site-content-layout":"full-width-container","site-content-style":"unboxed","site-sidebar-style":"unboxed","ast-global-header-display":"","ast-banner-title-visibility":"","ast-main-header-display":"","ast-hfb-above-header-display":"","ast-hfb-below-header-display":"","ast-hfb-mobile-header-display":"","site-post-title":"disabled","ast-breadcrumbs-content":"disabled","ast-featured-img":"disabled","footer-sml-layout":"","theme-transparent-header-meta":"default","adv-header-id-meta":"","stick-header-meta":"","header-above-stick-meta":"","header-main-stick-meta":"","header-below-stick-meta":"","astra-migrate-meta-layouts":"set","ast-page-background-enabled":"default","ast-page-background-meta":{"desktop":{"background-color":"","background-image":"","background-repeat":"repeat","background-position":"center center","background-size":"auto","background-attachment":"scroll","background-type":"","background-media":"","overlay-type":"","overlay-color":"","overlay-opacity":"","overlay-gradient":""},"tablet":{"background-color":"","background-image":"","background-repeat":"repeat","background-position":"center center","background-size":"auto","background-attachment":"scroll","background-type":"","background-media":"","overlay-type":"","overlay-color":"","overlay-opacity":"","overlay-gradient":""},"mobile":{"background-color":"","background-image":"","background-repeat":"repeat","background-position":"center center","background-size":"auto","background-attachment":"scroll","background-type":"","background-media":"","overlay-type":"","overlay-color":"","overlay-opacity":"","overlay-gradient":""}},"ast-content-background-meta":{"desktop":{"background-color":"var(--ast-global-color-5)","background-image":"","background-repeat":"repeat","background-position":"center center","background-size":"auto","background-attachment":"scroll","background-type":"","background-media":"","overlay-type":"","overlay-color":"","overlay-opacity":"","overlay-gradient":""},"tablet":{"background-color":"var(--ast-global-color-5)","background-image":"","background-repeat":"repeat","background-position":"center center","background-size":"auto","background-attachment":"scroll","background-type":"","background-media":"","overlay-type":"","overlay-color":"","overlay-opacity":"","overlay-gradient":""},"mobile":{"background-color":"var(--ast-global-color-5)","background-image":"","background-repeat":"repeat","background-position":"center center","background-size":"auto","background-attachment":"scroll","background-type":"","background-media":"","overlay-type":"","overlay-color":"","overlay-opacity":"","overlay-gradient":""}},"footnotes":""},"class_list":["post-1786","page","type-page","status-publish","hentry"],"_links":{"self":[{"href":"https:\/\/hs-sophienstrasse.de\/index.php\/wp-json\/wp\/v2\/pages\/1786","targetHints":{"allow":["GET"]}}],"collection":[{"href":"https:\/\/hs-sophienstrasse.de\/index.php\/wp-json\/wp\/v2\/pages"}],"about":[{"href":"https:\/\/hs-sophienstrasse.de\/index.php\/wp-json\/wp\/v2\/types\/page"}],"author":[{"embeddable":true,"href":"https:\/\/hs-sophienstrasse.de\/index.php\/wp-json\/wp\/v2\/users\/1"}],"replies":[{"embeddable":true,"href":"https:\/\/hs-sophienstrasse.de\/index.php\/wp-json\/wp\/v2\/comments?post=1786"}],"version-history":[{"count":10,"href":"https:\/\/hs-sophienstrasse.de\/index.php\/wp-json\/wp\/v2\/pages\/1786\/revisions"}],"predecessor-version":[{"id":1796,"href":"https:\/\/hs-sophienstrasse.de\/index.php\/wp-json\/wp\/v2\/pages\/1786\/revisions\/1796"}],"wp:attachment":[{"href":"https:\/\/hs-sophienstrasse.de\/index.php\/wp-json\/wp\/v2\/media?parent=1786"}],"curies":[{"name":"wp","href":"https:\/\/api.w.org\/{rel}","templated":true}]}}