{"id":1484,"date":"2024-09-20T10:27:26","date_gmt":"2024-09-20T08:27:26","guid":{"rendered":"https:\/\/hs-sophienstrasse.de\/?page_id=1484"},"modified":"2024-09-23T11:51:08","modified_gmt":"2024-09-23T09:51:08","slug":"jump4future","status":"publish","type":"page","link":"https:\/\/hs-sophienstrasse.de\/index.php\/jump4future\/","title":{"rendered":"jump4future"},"content":{"rendered":"\t\t<div data-elementor-type=\"wp-page\" data-elementor-id=\"1484\" class=\"elementor elementor-1484\" data-elementor-post-type=\"page\">\n\t\t\t\t\t\t<section class=\"elementor-section elementor-top-section elementor-element elementor-element-de4320f elementor-section-boxed elementor-section-height-default elementor-section-height-default\" data-id=\"de4320f\" data-element_type=\"section\" data-settings=\"{&quot;background_background&quot;:&quot;classic&quot;}\">\n\t\t\t\t\t\t<div class=\"elementor-container elementor-column-gap-no\">\n\t\t\t\t\t<div class=\"elementor-column elementor-col-100 elementor-top-column elementor-element elementor-element-7bdf3cf\" data-id=\"7bdf3cf\" data-element_type=\"column\">\n\t\t\t<div class=\"elementor-widget-wrap elementor-element-populated\">\n\t\t\t\t\t\t<div class=\"elementor-element elementor-element-61bec78 elementor-widget elementor-widget-heading\" data-id=\"61bec78\" data-element_type=\"widget\" data-widget_type=\"heading.default\">\n\t\t\t\t<div class=\"elementor-widget-container\">\n\t\t\t\t\t<h1 class=\"elementor-heading-title elementor-size-default\">Auftakt von jump4future in der BRAWO-Region mit Dennis Schr\u00f6der<\/h1>\t\t\t\t<\/div>\n\t\t\t\t<\/div>\n\t\t\t\t\t<\/div>\n\t\t<\/div>\n\t\t\t\t\t<\/div>\n\t\t<\/section>\n\t\t\t\t<section class=\"elementor-section elementor-top-section elementor-element elementor-element-34a55b3 elementor-section-boxed elementor-section-height-default elementor-section-height-default\" data-id=\"34a55b3\" data-element_type=\"section\" data-settings=\"{&quot;background_background&quot;:&quot;classic&quot;}\">\n\t\t\t\t\t\t<div class=\"elementor-container elementor-column-gap-no\">\n\t\t\t\t\t<div class=\"elementor-column elementor-col-100 elementor-top-column elementor-element elementor-element-6b51a29\" data-id=\"6b51a29\" data-element_type=\"column\">\n\t\t\t<div class=\"elementor-widget-wrap elementor-element-populated\">\n\t\t\t\t\t\t<div class=\"elementor-element elementor-element-49b5af2 elementor-widget elementor-widget-image\" data-id=\"49b5af2\" data-element_type=\"widget\" data-widget_type=\"image.default\">\n\t\t\t\t<div class=\"elementor-widget-container\">\n\t\t\t\t\t\t\t\t\t\t\t\t\t\t\t<img fetchpriority=\"high\" decoding=\"async\" width=\"1279\" height=\"685\" src=\"https:\/\/hs-sophienstrasse.de\/wp-content\/uploads\/2024\/09\/jump4future_1_dennis_schroeder.png\" class=\"attachment-full size-full wp-image-1488\" alt=\"\" srcset=\"https:\/\/hs-sophienstrasse.de\/wp-content\/uploads\/2024\/09\/jump4future_1_dennis_schroeder.png 1279w, https:\/\/hs-sophienstrasse.de\/wp-content\/uploads\/2024\/09\/jump4future_1_dennis_schroeder-300x161.png 300w, https:\/\/hs-sophienstrasse.de\/wp-content\/uploads\/2024\/09\/jump4future_1_dennis_schroeder-1024x548.png 1024w, https:\/\/hs-sophienstrasse.de\/wp-content\/uploads\/2024\/09\/jump4future_1_dennis_schroeder-768x411.png 768w\" sizes=\"(max-width: 1279px) 100vw, 1279px\" \/>\t\t\t\t\t\t\t\t\t\t\t\t\t\t\t<\/div>\n\t\t\t\t<\/div>\n\t\t\t\t<div class=\"elementor-element elementor-element-07e9060 elementor-widget elementor-widget-text-editor\" data-id=\"07e9060\" data-element_type=\"widget\" data-widget_type=\"text-editor.default\">\n\t\t\t\t<div class=\"elementor-widget-container\">\n\t\t\t\t\t\t\t\t\t<h4><strong>Was f\u00fcr ein besonderes Ereignis: Weltmeister Dennis Schr\u00f6der besuchte am Mittwoch, 28. August 2024, die Grundschule Diesterwegstra\u00dfe f\u00fcr den offiziellen Startschuss des Projekts jump4future. Dessen Ziel ist es, Sch\u00fclerinnen und Sch\u00fcler mit dieser Initiative \u00bbkorbfit\u00ab zu machen, sie an den Basketball-Sport heranzuf\u00fchren und auch Kindern mit F\u00f6rderbedarf diese Sportart \u00fcberhaupt zu erm\u00f6glichen. Daf\u00fcr verbrachte Dennis Schr\u00f6der einen Vormittag mit 15 Sch\u00fclerinnen und Sch\u00fclern der neu gegr\u00fcndeten Basketball-AG an der Braunschweiger Grundschule. Schr\u00f6der zeigte ihnen die verschiedenen Facetten des Basketballsports und absolvierte mit ihnen aktive Trainingsstunden, unterst\u00fctzt von Trainern der Dennis Schr\u00f6der Basketball Academy (DSBA).<\/strong><\/h4>\t\t\t\t\t\t\t\t<\/div>\n\t\t\t\t<\/div>\n\t\t\t\t<div class=\"elementor-element elementor-element-cf28736 elementor-widget elementor-widget-text-editor\" data-id=\"cf28736\" data-element_type=\"widget\" data-widget_type=\"text-editor.default\">\n\t\t\t\t<div class=\"elementor-widget-container\">\n\t\t\t\t\t\t\t\t\t<p>jump4future ist ein Projekt von United Kids Foundations, dem Kindernetzwerk der BRAWO GROUP, der Dennis Schr\u00f6der Basketball Academy in Zusammenarbeit mit den Basketball L\u00f6wen Braunschweig. Es wird von der Volksbank BRAWO Stiftung gemeinsam mit der \u00bbStiftung RTL \u2013 Wir helfen Kindern e. V.\u00ab gef\u00f6rdert. Dennis Schr\u00f6der ist Schirmherr von jump4future und der erste internationale Botschafter von United Kids Foundations.<\/p><p>\u00bbEs hat mir heute unglaublich viel Spa\u00df gemacht und es war sehr sch\u00f6n, die Begeisterung der Kinder zu sehen. Genau das m\u00f6chten wir mit dem Projekt jump4future bezwecken und die schon geleistete Arbeit der Basketball L\u00f6wen und der SG Braunschweig im Bereich Schul-AGs noch mehr st\u00e4rken und f\u00f6rdern. Kindern, die M\u00f6glichkeit zum Basketballspielen zu geben, liegt mir aufgrund meines Werdegangs auch pers\u00f6nlich sehr am Herzen. Deshalb freue ich mich sehr, dass ich Schirmherr des Projekts bin und von meinen positiven Erfahrungen mit dem Basketballsport etwas weitergeben kann\u00ab, sagt der Olympia-Fahnentr\u00e4ger und NBA-Spieler Dennis Schr\u00f6der.<\/p>\t\t\t\t\t\t\t\t<\/div>\n\t\t\t\t<\/div>\n\t\t\t\t<div class=\"elementor-element elementor-element-d926a10 elementor-widget elementor-widget-text-editor\" data-id=\"d926a10\" data-element_type=\"widget\" data-widget_type=\"text-editor.default\">\n\t\t\t\t<div class=\"elementor-widget-container\">\n\t\t\t\t\t\t\t\t\t<h4><strong>Erweiterung des bisherigen Angebots<\/strong><\/h4>\t\t\t\t\t\t\t\t<\/div>\n\t\t\t\t<\/div>\n\t\t\t\t<div class=\"elementor-element elementor-element-57579db elementor-widget elementor-widget-text-editor\" data-id=\"57579db\" data-element_type=\"widget\" data-widget_type=\"text-editor.default\">\n\t\t\t\t<div class=\"elementor-widget-container\">\n\t\t\t\t\t\t\t\t\t<p>Gemeinsam mit der Dennis Schr\u00f6der Basketball Academy hat der MVP der WM 2023 ein Programm entwickelt, das sich an Sch\u00fclerinnen und Sch\u00fcler der dritten und vierten Klassen sowie von weiterf\u00fchrenden Schulen mit erh\u00f6htem F\u00f6rderbedarf richtet. Neben dem Zugang zum Basketballsport geht es darum, bei Kindern eine gesunde Entwicklung zu f\u00f6rdern und ihnen Werte wie Respekt, Toleranz, Fairplay und Teamspirit zu vermitteln. Gleichzeitig wird sozial benachteiligten Kindern so eine sinnvolle Freizeitbesch\u00e4ftigung als Alternative zu viel Zeit vor dem Computerbildschirm aufgezeigt.<br \/>Basketball-Weltmeister Dennis Schr\u00f6der, gemeinsam mit Thomas Fast (links), Vorstandsvorsitzender der Volksbank BRAWO Stiftung, sowie Wolfram Kons (hinten Mitte) von der \u00bbStiftung RTL \u2013 Wir helfen Kindern e. V.\u00ab und den Sch\u00fclerinnen und Sch\u00fclern der Grundschule Diesterwegstra\u00dfe. Quelle: Volksbank BRAWO\/Nina Stiller<\/p><p>Die Basketball L\u00f6wen Braunschweig sind bereits erfolgreich mit 32 Schul-AGs und acht Trainerinnen und Trainern mit dem Basketball-Projekt L\u00f6wenSchule in der BRAWO-Region aktiv. Aktuell werden 480 Kinder erreicht. jump4future ist nun F\u00f6rderpartner dieses Projekts und erm\u00f6glicht weitere 24 Schul-AGs in offiziellen jump4future-Schulen. Statt neue Inhalte aufzusetzen, werden so die bereits erfolgreichen Basketball-AGs der L\u00f6wen durch die Kooperation mit Dennis Schr\u00f6der und seiner Academy effektiv ausgebaut und noch mehr Kinder erreicht. Die AG-Trainer der DSBA und der Basketball L\u00f6wen f\u00fchren die Coachingstunden durch. Zudem ist der regelm\u00e4\u00dfige Besuch von Braunschweiger Profispielern an den jump4future-Schulen geplant. Die Schulen wurden dabei im Rahmen von United Kids Foundations partnerschaftlich akquiriert, inzwischen gibt es hierf\u00fcr bereits eine Warteliste. Bei Interesse gilt es, sich vertrauensvoll an die Basketball L\u00f6wen zu wenden.<\/p>\t\t\t\t\t\t\t\t<\/div>\n\t\t\t\t<\/div>\n\t\t\t\t<div class=\"elementor-element elementor-element-589c090 elementor-widget elementor-widget-text-editor\" data-id=\"589c090\" data-element_type=\"widget\" data-widget_type=\"text-editor.default\">\n\t\t\t\t<div class=\"elementor-widget-container\">\n\t\t\t\t\t\t\t\t\t<h4><strong>\u00bbEin einmaliges Erlebnis\u00ab<\/strong><\/h4>\t\t\t\t\t\t\t\t<\/div>\n\t\t\t\t<\/div>\n\t\t\t\t<div class=\"elementor-element elementor-element-8d52a77 elementor-widget elementor-widget-image\" data-id=\"8d52a77\" data-element_type=\"widget\" data-widget_type=\"image.default\">\n\t\t\t\t<div class=\"elementor-widget-container\">\n\t\t\t\t\t\t\t\t\t\t\t\t\t\t\t<img decoding=\"async\" width=\"1267\" height=\"713\" src=\"https:\/\/hs-sophienstrasse.de\/wp-content\/uploads\/2024\/09\/jump4future_2_dennis_schroeder.png\" class=\"attachment-full size-full wp-image-1487\" alt=\"\" srcset=\"https:\/\/hs-sophienstrasse.de\/wp-content\/uploads\/2024\/09\/jump4future_2_dennis_schroeder.png 1267w, https:\/\/hs-sophienstrasse.de\/wp-content\/uploads\/2024\/09\/jump4future_2_dennis_schroeder-300x169.png 300w, https:\/\/hs-sophienstrasse.de\/wp-content\/uploads\/2024\/09\/jump4future_2_dennis_schroeder-1024x576.png 1024w, https:\/\/hs-sophienstrasse.de\/wp-content\/uploads\/2024\/09\/jump4future_2_dennis_schroeder-768x432.png 768w\" sizes=\"(max-width: 1267px) 100vw, 1267px\" \/>\t\t\t\t\t\t\t\t\t\t\t\t\t\t\t<\/div>\n\t\t\t\t<\/div>\n\t\t\t\t<div class=\"elementor-element elementor-element-81c42a0 elementor-widget elementor-widget-text-editor\" data-id=\"81c42a0\" data-element_type=\"widget\" data-widget_type=\"text-editor.default\">\n\t\t\t\t<div class=\"elementor-widget-container\">\n\t\t\t\t\t\t\t\t\t<p><span style=\"color: #808080;\">Basketball-Weltmeister Dennis Schr\u00f6der, gemeinsam mit Thomas Fast (links), Vorstandsvorsitzender der Volksbank BRAWO Stiftung, sowie Wolfram Kons (hinten Mitte) von der \u00bbStiftung RTL \u2013 Wir helfen Kindern e. V.\u00ab und den Sch\u00fclerinnen und Sch\u00fclern der Grundschule Diesterwegstra\u00dfe. Quelle: Volksbank BRAWO\/Nina Stiller<\/span><\/p>\t\t\t\t\t\t\t\t<\/div>\n\t\t\t\t<\/div>\n\t\t\t\t<div class=\"elementor-element elementor-element-036da80 elementor-widget elementor-widget-text-editor\" data-id=\"036da80\" data-element_type=\"widget\" data-widget_type=\"text-editor.default\">\n\t\t\t\t<div class=\"elementor-widget-container\">\n\t\t\t\t\t\t\t\t\t<p>\u00bbDie Grundschule Diesterwegstra\u00dfe ist eine sportfreundliche Schule, in der Bewegung im Schulprogramm fest verankert ist. Bewegung in den Alltag unserer Sch\u00fclerinnen und Sch\u00fcler zu integrieren und die Kinder zu einem lebenslangen Sport- und Bewegungstreiben zu motivieren, sind Ziele, die wir als Schule verfolgen. Neben den Bewegungspausen, bewegtem Lernen und dem Sportunterricht stellen die Arbeitsgemeinschaften am Nachmittag eine wichtige Basis dar, um die genannten Ziele zu erreichen\u00ab, so Herke Alberts, Schulleiter der Grundschule Diesterwegstra\u00dfe. \u00bbOhne AG-Angebote von Kooperationspartnern ist es nicht m\u00f6glich, ein vielf\u00e4ltiges AG-Programm im Rahmen der Ganztagsschule anzubieten. Dar\u00fcber hinaus helfen Vorbilder, wie z. B. Dennis Schr\u00f6der, Kinder zum Sport- und Bewegungstreiben zu motivieren. F\u00fcr unsere Sch\u00fclerinnen und Sch\u00fcler war es ein einmaliges Erlebnis, ihr Vorbild Dennis Schr\u00f6der live in der Grundschule Diesterwegstra\u00dfe kennenlernen zu d\u00fcrfen und gemeinsam mit ihm zu trainieren, ihm Fragen zu stellen und Fotos zu machen.\u00ab<\/p>\t\t\t\t\t\t\t\t<\/div>\n\t\t\t\t<\/div>\n\t\t\t\t<div class=\"elementor-element elementor-element-bc0e463 elementor-widget elementor-widget-text-editor\" data-id=\"bc0e463\" data-element_type=\"widget\" data-widget_type=\"text-editor.default\">\n\t\t\t\t<div class=\"elementor-widget-container\">\n\t\t\t\t\t\t\t\t\t<h4><strong>\u00bbUnerl\u00e4ssliche Erweiterung im Kampf gegen Kinderarmut\u00ab<\/strong><\/h4>\t\t\t\t\t\t\t\t<\/div>\n\t\t\t\t<\/div>\n\t\t\t\t<div class=\"elementor-element elementor-element-c0e1a47 elementor-widget elementor-widget-text-editor\" data-id=\"c0e1a47\" data-element_type=\"widget\" data-widget_type=\"text-editor.default\">\n\t\t\t\t<div class=\"elementor-widget-container\">\n\t\t\t\t\t\t\t\t\t<p>\u00bbAls geb\u00fcrtiger Braunschweiger macht sich Dennis Schr\u00f6der f\u00fcr sozial benachteiligte Kinder in unserer Region stark, weshalb er der ideale Botschafter f\u00fcr unser Kindernetzwerk United Kids Foundations ist. Wir sind stolz, mit ihm zusammenzuarbeiten und heute den Projektstart von jump4future in unserer Region zu erleben\u00ab, erkl\u00e4rt Thomas Fast, Vorstandsvorsitzender der Volksbank BRAWO Stiftung. \u00bbSeit der Weltmeisterschaft 2023 und dem Sieg des Deutschen Teams ist die Begeisterung f\u00fcr Basketball gestiegen. Diese Sportart ist ein ideales Mittel, um Kinder f\u00fcr den Sport zu begeistern und sie in Club-Strukturen zu integrieren und vorhandenes Talent zu f\u00f6rdern.\u00ab<\/p>\t\t\t\t\t\t\t\t<\/div>\n\t\t\t\t<\/div>\n\t\t\t\t<div class=\"elementor-element elementor-element-3191206 elementor-widget elementor-widget-text-editor\" data-id=\"3191206\" data-element_type=\"widget\" data-widget_type=\"text-editor.default\">\n\t\t\t\t<div class=\"elementor-widget-container\">\n\t\t\t\t\t\t\t\t\t<h4><strong>\u00dcber United Kids Foundations<\/strong><\/h4>\t\t\t\t\t\t\t\t<\/div>\n\t\t\t\t<\/div>\n\t\t\t\t<div class=\"elementor-element elementor-element-5eb3992 elementor-widget elementor-widget-text-editor\" data-id=\"5eb3992\" data-element_type=\"widget\" data-widget_type=\"text-editor.default\">\n\t\t\t\t<div class=\"elementor-widget-container\">\n\t\t\t\t\t\t\t\t\t<p>United Kids Foundations, das Kindernetzwerk der BRAWO GROUP, hat seit seiner Gr\u00fcndung im Jahr 2005 mit mehr als 620 Projekten in der Region Braunschweig-Wolfsburg \u00fcber 83.000 Kindern und Jugendlichen signifikant geholfen. Es engagiert sich haupts\u00e4chlich in den Bereichen Bildungs- und Begabtenf\u00f6rderung, Bek\u00e4mpfung von Bewegungsarmut, gesunde Ern\u00e4hrung, Integration, Armutsbek\u00e4mpfung und Gewaltpr\u00e4vention.<\/p><p>Die Kinder und Jugendlichen profitieren von zahlreichen Projekten prominenter Paten und Stiftungen. Henry Maske, Felix Neureuther oder Franziska van Almsick beteiligen sich mit ihren Programmen genauso wie der Deutsche Kinderschutzbund, die fit4future foundation Germany oder die \u00bbStiftung RTL \u2013 Wir helfen Kindern e. V.\u00ab. Durch die Zusammenf\u00fchrung von bundesweit t\u00e4tigen Partnern und regionalen Organisationen ist ein einzigartiges Netzwerk f\u00fcr Kinder und Jugendliche im Gro\u00dfraum Braunschweig-Wolfsburg entstanden.<\/p>\t\t\t\t\t\t\t\t<\/div>\n\t\t\t\t<\/div>\n\t\t\t\t<div class=\"elementor-element elementor-element-632aeee elementor-widget elementor-widget-text-editor\" data-id=\"632aeee\" data-element_type=\"widget\" data-widget_type=\"text-editor.default\">\n\t\t\t\t<div class=\"elementor-widget-container\">\n\t\t\t\t\t\t\t\t\t<h4><strong>Teilnehmende Schulen an jump4future:<\/strong><\/h4>\t\t\t\t\t\t\t\t<\/div>\n\t\t\t\t<\/div>\n\t\t\t\t<div class=\"elementor-element elementor-element-07cd5de elementor-widget elementor-widget-text-editor\" data-id=\"07cd5de\" data-element_type=\"widget\" data-widget_type=\"text-editor.default\">\n\t\t\t\t<div class=\"elementor-widget-container\">\n\t\t\t\t\t\t\t\t\t<p>Braunschweig:<\/p><p>Erich-K\u00e4stner-Grundschule Weddel (1 AG)<br \/>Grundschule Altm\u00fchlstra\u00dfe (1 AG)<br \/>Grundschule Destedt (1 AG)<br \/>Grundschule Diesterwegstra\u00dfe (1 AG)<br \/>Grundschule Hondelage (1 AG)<br \/>Grundschule Ilmenaustra\u00dfe (3 AGs)<br \/>Grundschule Querum (2 AGs)<br \/><strong>Hauptschule Sophienstra\u00dfe (3 AGs)<\/strong><br \/>Realschule LebenLernen (3 AGs)<br \/>Realschule John-F.-Kennedy-Platz (2 AGs)<\/p><p>Gifhorn:<\/p><p>IGS Gifhorn (2 AGs)<\/p><p>Peine:<\/p><p>Grundschule Broistedt (1 AG)<br \/>Grundschule Wendeburg (1 AG)<\/p><p>Salzgitter:<\/p><p>Grundschule Am Ostertal (1 AG)<br \/>Grundschule Steterburg (1 AG)<\/p><p>Titelfoto: Volksbank BRAWO\/Nina Stiller<\/p>\t\t\t\t\t\t\t\t<\/div>\n\t\t\t\t<\/div>\n\t\t\t\t<div class=\"elementor-element elementor-element-78fb3e9 elementor-widget elementor-widget-image\" data-id=\"78fb3e9\" data-element_type=\"widget\" data-widget_type=\"image.default\">\n\t\t\t\t<div class=\"elementor-widget-container\">\n\t\t\t\t\t\t\t\t\t\t\t\t\t\t\t<img decoding=\"async\" width=\"300\" height=\"300\" src=\"https:\/\/hs-sophienstrasse.de\/wp-content\/uploads\/2024\/09\/BASKETBALLBS-LOGO-CMYK-300x300.png\" class=\"attachment-medium size-medium wp-image-1502\" alt=\"\" srcset=\"https:\/\/hs-sophienstrasse.de\/wp-content\/uploads\/2024\/09\/BASKETBALLBS-LOGO-CMYK-300x300.png 300w, https:\/\/hs-sophienstrasse.de\/wp-content\/uploads\/2024\/09\/BASKETBALLBS-LOGO-CMYK-1024x1024.png 1024w, https:\/\/hs-sophienstrasse.de\/wp-content\/uploads\/2024\/09\/BASKETBALLBS-LOGO-CMYK-150x150.png 150w, https:\/\/hs-sophienstrasse.de\/wp-content\/uploads\/2024\/09\/BASKETBALLBS-LOGO-CMYK-768x768.png 768w, https:\/\/hs-sophienstrasse.de\/wp-content\/uploads\/2024\/09\/BASKETBALLBS-LOGO-CMYK-1536x1536.png 1536w, https:\/\/hs-sophienstrasse.de\/wp-content\/uploads\/2024\/09\/BASKETBALLBS-LOGO-CMYK.png 1772w\" sizes=\"(max-width: 300px) 100vw, 300px\" \/>\t\t\t\t\t\t\t\t\t\t\t\t\t\t\t<\/div>\n\t\t\t\t<\/div>\n\t\t\t\t<div class=\"elementor-element elementor-element-525b277 elementor-widget elementor-widget-text-editor\" data-id=\"525b277\" data-element_type=\"widget\" data-widget_type=\"text-editor.default\">\n\t\t\t\t<div class=\"elementor-widget-container\">\n\t\t\t\t\t\t\t\t\t<p>Hier der Link zum Original auf der Homepage der Basketball L\u00f6wen Braunschweig: <a href=\"https:\/\/www.basketball-loewen.de\/auftakt-von-jump4future-in-der-brawo-region-mit-dennis-schroeder\/\">https:\/\/www.basketball-loewen.de\/auftakt-von-jump4future-in-der-brawo-region-mit-dennis-schroeder\/<\/a><\/p>\t\t\t\t\t\t\t\t<\/div>\n\t\t\t\t<\/div>\n\t\t\t\t<div class=\"elementor-element elementor-element-c6731b1 elementor-widget-mobile__width-inherit elementor-widget-divider--view-line elementor-widget elementor-widget-divider\" data-id=\"c6731b1\" data-element_type=\"widget\" data-widget_type=\"divider.default\">\n\t\t\t\t<div class=\"elementor-widget-container\">\n\t\t\t\t\t\t\t<div class=\"elementor-divider\">\n\t\t\t<span class=\"elementor-divider-separator\">\n\t\t\t\t\t\t<\/span>\n\t\t<\/div>\n\t\t\t\t\t\t<\/div>\n\t\t\t\t<\/div>\n\t\t\t\t\t<\/div>\n\t\t<\/div>\n\t\t\t\t\t<\/div>\n\t\t<\/section>\n\t\t\t\t<\/div>\n\t\t","protected":false},"excerpt":{"rendered":"<p>Auftakt von jump4future in der BRAWO-Region mit Dennis Schr\u00f6der Was f\u00fcr ein besonderes Ereignis: Weltmeister Dennis Schr\u00f6der besuchte am Mittwoch, 28. August 2024, die Grundschule Diesterwegstra\u00dfe f\u00fcr den offiziellen Startschuss des Projekts jump4future. Dessen Ziel ist es, Sch\u00fclerinnen und Sch\u00fcler mit dieser Initiative \u00bbkorbfit\u00ab zu machen, sie an den Basketball-Sport heranzuf\u00fchren und auch Kindern mit [&hellip;]<\/p>\n","protected":false},"author":1,"featured_media":0,"parent":0,"menu_order":0,"comment_status":"closed","ping_status":"closed","template":"","meta":{"site-sidebar-layout":"no-sidebar","site-content-layout":"page-builder","ast-site-content-layout":"full-width-container","site-content-style":"unboxed","site-sidebar-style":"unboxed","ast-global-header-display":"","ast-banner-title-visibility":"","ast-main-header-display":"","ast-hfb-above-header-display":"","ast-hfb-below-header-display":"","ast-hfb-mobile-header-display":"","site-post-title":"disabled","ast-breadcrumbs-content":"disabled","ast-featured-img":"disabled","footer-sml-layout":"","theme-transparent-header-meta":"default","adv-header-id-meta":"","stick-header-meta":"","header-above-stick-meta":"","header-main-stick-meta":"","header-below-stick-meta":"","astra-migrate-meta-layouts":"set","ast-page-background-enabled":"default","ast-page-background-meta":{"desktop":{"background-color":"","background-image":"","background-repeat":"repeat","background-position":"center center","background-size":"auto","background-attachment":"scroll","background-type":"","background-media":"","overlay-type":"","overlay-color":"","overlay-opacity":"","overlay-gradient":""},"tablet":{"background-color":"","background-image":"","background-repeat":"repeat","background-position":"center center","background-size":"auto","background-attachment":"scroll","background-type":"","background-media":"","overlay-type":"","overlay-color":"","overlay-opacity":"","overlay-gradient":""},"mobile":{"background-color":"","background-image":"","background-repeat":"repeat","background-position":"center center","background-size":"auto","background-attachment":"scroll","background-type":"","background-media":"","overlay-type":"","overlay-color":"","overlay-opacity":"","overlay-gradient":""}},"ast-content-background-meta":{"desktop":{"background-color":"var(--ast-global-color-5)","background-image":"","background-repeat":"repeat","background-position":"center center","background-size":"auto","background-attachment":"scroll","background-type":"","background-media":"","overlay-type":"","overlay-color":"","overlay-opacity":"","overlay-gradient":""},"tablet":{"background-color":"var(--ast-global-color-5)","background-image":"","background-repeat":"repeat","background-position":"center center","background-size":"auto","background-attachment":"scroll","background-type":"","background-media":"","overlay-type":"","overlay-color":"","overlay-opacity":"","overlay-gradient":""},"mobile":{"background-color":"var(--ast-global-color-5)","background-image":"","background-repeat":"repeat","background-position":"center center","background-size":"auto","background-attachment":"scroll","background-type":"","background-media":"","overlay-type":"","overlay-color":"","overlay-opacity":"","overlay-gradient":""}},"footnotes":""},"class_list":["post-1484","page","type-page","status-publish","hentry"],"_links":{"self":[{"href":"https:\/\/hs-sophienstrasse.de\/index.php\/wp-json\/wp\/v2\/pages\/1484","targetHints":{"allow":["GET"]}}],"collection":[{"href":"https:\/\/hs-sophienstrasse.de\/index.php\/wp-json\/wp\/v2\/pages"}],"about":[{"href":"https:\/\/hs-sophienstrasse.de\/index.php\/wp-json\/wp\/v2\/types\/page"}],"author":[{"embeddable":true,"href":"https:\/\/hs-sophienstrasse.de\/index.php\/wp-json\/wp\/v2\/users\/1"}],"replies":[{"embeddable":true,"href":"https:\/\/hs-sophienstrasse.de\/index.php\/wp-json\/wp\/v2\/comments?post=1484"}],"version-history":[{"count":19,"href":"https:\/\/hs-sophienstrasse.de\/index.php\/wp-json\/wp\/v2\/pages\/1484\/revisions"}],"predecessor-version":[{"id":1624,"href":"https:\/\/hs-sophienstrasse.de\/index.php\/wp-json\/wp\/v2\/pages\/1484\/revisions\/1624"}],"wp:attachment":[{"href":"https:\/\/hs-sophienstrasse.de\/index.php\/wp-json\/wp\/v2\/media?parent=1484"}],"curies":[{"name":"wp","href":"https:\/\/api.w.org\/{rel}","templated":true}]}}