{"id":1295,"date":"2024-09-08T13:21:52","date_gmt":"2024-09-08T11:21:52","guid":{"rendered":"https:\/\/hs-sophienstrasse.de\/?page_id=1295"},"modified":"2024-09-13T07:09:33","modified_gmt":"2024-09-13T05:09:33","slug":"presse-2","status":"publish","type":"page","link":"https:\/\/hs-sophienstrasse.de\/index.php\/presse-2\/","title":{"rendered":"Graffiti &#8211; Turnhalle"},"content":{"rendered":"\t\t<div data-elementor-type=\"wp-page\" data-elementor-id=\"1295\" class=\"elementor elementor-1295\" data-elementor-post-type=\"page\">\n\t\t\t\t\t\t<section class=\"elementor-section elementor-top-section elementor-element elementor-element-de4320f elementor-section-boxed elementor-section-height-default elementor-section-height-default\" data-id=\"de4320f\" data-element_type=\"section\" data-settings=\"{&quot;background_background&quot;:&quot;classic&quot;}\">\n\t\t\t\t\t\t<div class=\"elementor-container elementor-column-gap-no\">\n\t\t\t\t\t<div class=\"elementor-column elementor-col-100 elementor-top-column elementor-element elementor-element-7bdf3cf\" data-id=\"7bdf3cf\" data-element_type=\"column\">\n\t\t\t<div class=\"elementor-widget-wrap elementor-element-populated\">\n\t\t\t\t\t\t<div class=\"elementor-element elementor-element-61bec78 elementor-widget elementor-widget-heading\" data-id=\"61bec78\" data-element_type=\"widget\" data-widget_type=\"heading.default\">\n\t\t\t\t<div class=\"elementor-widget-container\">\n\t\t\t\t\t<h1 class=\"elementor-heading-title elementor-size-default\">Braunschweiger Zeitung vom 7. September 2024<\/h1>\t\t\t\t<\/div>\n\t\t\t\t<\/div>\n\t\t\t\t\t<\/div>\n\t\t<\/div>\n\t\t\t\t\t<\/div>\n\t\t<\/section>\n\t\t\t\t<section class=\"elementor-section elementor-top-section elementor-element elementor-element-34a55b3 elementor-section-boxed elementor-section-height-default elementor-section-height-default\" data-id=\"34a55b3\" data-element_type=\"section\" data-settings=\"{&quot;background_background&quot;:&quot;classic&quot;}\">\n\t\t\t\t\t\t<div class=\"elementor-container elementor-column-gap-no\">\n\t\t\t\t\t<div class=\"elementor-column elementor-col-100 elementor-top-column elementor-element elementor-element-6b51a29\" data-id=\"6b51a29\" data-element_type=\"column\">\n\t\t\t<div class=\"elementor-widget-wrap elementor-element-populated\">\n\t\t\t\t\t\t<div class=\"elementor-element elementor-element-0208b8c elementor-widget elementor-widget-heading\" data-id=\"0208b8c\" data-element_type=\"widget\" data-widget_type=\"heading.default\">\n\t\t\t\t<div class=\"elementor-widget-container\">\n\t\t\t\t\t<h2 class=\"elementor-heading-title elementor-size-default\">Dieses Graffiti haben Hauptsch\u00fcler in Braunschweig gesprayt<\/h2>\t\t\t\t<\/div>\n\t\t\t\t<\/div>\n\t\t\t\t<div class=\"elementor-element elementor-element-007526f elementor-widget-mobile__width-inherit elementor-widget-divider--view-line elementor-widget elementor-widget-divider\" data-id=\"007526f\" data-element_type=\"widget\" data-widget_type=\"divider.default\">\n\t\t\t\t<div class=\"elementor-widget-container\">\n\t\t\t\t\t\t\t<div class=\"elementor-divider\">\n\t\t\t<span class=\"elementor-divider-separator\">\n\t\t\t\t\t\t<\/span>\n\t\t<\/div>\n\t\t\t\t\t\t<\/div>\n\t\t\t\t<\/div>\n\t\t\t\t<div class=\"elementor-element elementor-element-8d52a77 elementor-widget elementor-widget-image\" data-id=\"8d52a77\" data-element_type=\"widget\" data-widget_type=\"image.default\">\n\t\t\t\t<div class=\"elementor-widget-container\">\n\t\t\t\t\t\t\t\t\t\t\t\t\t\t\t<img fetchpriority=\"high\" decoding=\"async\" width=\"938\" height=\"527\" src=\"https:\/\/hs-sophienstrasse.de\/wp-content\/uploads\/2024\/09\/spraying_turnhalle.png\" class=\"attachment-full size-full wp-image-1297\" alt=\"\" srcset=\"https:\/\/hs-sophienstrasse.de\/wp-content\/uploads\/2024\/09\/spraying_turnhalle.png 938w, https:\/\/hs-sophienstrasse.de\/wp-content\/uploads\/2024\/09\/spraying_turnhalle-300x169.png 300w, https:\/\/hs-sophienstrasse.de\/wp-content\/uploads\/2024\/09\/spraying_turnhalle-768x431.png 768w\" sizes=\"(max-width: 938px) 100vw, 938px\" \/>\t\t\t\t\t\t\t\t\t\t\t\t\t\t\t<\/div>\n\t\t\t\t<\/div>\n\t\t\t\t<div class=\"elementor-element elementor-element-2f7ec6e elementor-widget elementor-widget-text-editor\" data-id=\"2f7ec6e\" data-element_type=\"widget\" data-widget_type=\"text-editor.default\">\n\t\t\t\t<div class=\"elementor-widget-container\">\n\t\t\t\t\t\t\t\t\t<p style=\"text-align: left;\"><span class=\"td-block-author\"><a href=\"https:\/\/www.der-loewe.info\/author\/ralph-herbert-meyer\">Unter Anleitung von K\u00fcnstler Jan \u00bbArik\u00ab Franz aus Hamburg (mit M\u00fctze) sprayten Sch\u00fclerinnen und Sch\u00fcler der Hauptschule Sophienstra\u00dfe ein gro\u00dfes Graffiti-Kunstwerk an die Au\u00dfenwand ihrer Sporthalle.<br \/>\u00a9 regios24 | Stefan Lohmann<\/a><\/span><\/p>\t\t\t\t\t\t\t\t<\/div>\n\t\t\t\t<\/div>\n\t\t\t\t<div class=\"elementor-element elementor-element-e7deeab elementor-widget elementor-widget-text-editor\" data-id=\"e7deeab\" data-element_type=\"widget\" data-widget_type=\"text-editor.default\">\n\t\t\t\t<div class=\"elementor-widget-container\">\n\t\t\t\t\t\t\t\t\t<h6><strong>Von Katja Dartsch<\/strong><\/h6>\t\t\t\t\t\t\t\t<\/div>\n\t\t\t\t<\/div>\n\t\t\t\t<div class=\"elementor-element elementor-element-07e9060 elementor-widget elementor-widget-text-editor\" data-id=\"07e9060\" data-element_type=\"widget\" data-widget_type=\"text-editor.default\">\n\t\t\t\t<div class=\"elementor-widget-container\">\n\t\t\t\t\t\t\t\t\t<h4><strong>Braunschweig. Auf dem Schulhof der Hauptschule Sophienstra\u00dfe prangt<br \/>nun ein riesiges Bild. Es steht f\u00fcr Freiheit, Respekt und Vielfalt.<\/strong><\/h4>\t\t\t\t\t\t\t\t<\/div>\n\t\t\t\t<\/div>\n\t\t\t\t<div class=\"elementor-element elementor-element-81c42a0 elementor-widget elementor-widget-text-editor\" data-id=\"81c42a0\" data-element_type=\"widget\" data-widget_type=\"text-editor.default\">\n\t\t\t\t<div class=\"elementor-widget-container\">\n\t\t\t\t\t\t\t\t\t<p>Jeden Morgen, wenn die Sch\u00fcler der Hauptschule Sophienstra\u00dfe in<br \/>Braunschweig ihren Schulhof betreten, sehen sie die Sonne untergehen: Die Sonne versinkt im Meer und zaubert ein spektakul\u00e4res Farbenspiel von Lila bis Orangerot an den Himmel. Munter springt ein Delfin durchs Wasser; im Hintergrund ist die Freiheitsstatue im Hafen von New York zu erkennen.<br \/>Nein, die Sch\u00fcler und Sch\u00fclerinnen sind nicht \u00fcberm\u00fcdet und stehen auch nicht unter Drogen: Der bezaubernde Sonnenuntergang ist auf der Au\u00dfenwand ihrer Turnhalle zu sehen. Ein riesiges Graffiti von 13 Metern L\u00e4nge und 2,20 Metern H\u00f6he ist dort in den vergangenen Tagen entstanden.<br \/>Zu verdanken ist es den Jugendlichen der Klassen 8a, 8b und 8c. Unter der Anleitung von Streetart-K\u00fcnstler Jan \u00bbArik\u00ab Franz aus Hamburg und Simon Stapper vom Jugendzentrum M\u00fchle haben sie das Bild entworfen und an die Wand gebracht.<\/p>\t\t\t\t\t\t\t\t<\/div>\n\t\t\t\t<\/div>\n\t\t\t\t<div class=\"elementor-element elementor-element-2fe2349 elementor-widget elementor-widget-text-editor\" data-id=\"2fe2349\" data-element_type=\"widget\" data-widget_type=\"text-editor.default\">\n\t\t\t\t<div class=\"elementor-widget-container\">\n\t\t\t\t\t\t\t\t\t<h4><strong>Eine Welt, in der man gerne lebt, voller Respekt und Vielfalt<\/strong><\/h4>\t\t\t\t\t\t\t\t<\/div>\n\t\t\t\t<\/div>\n\t\t\t\t<div class=\"elementor-element elementor-element-036da80 elementor-widget elementor-widget-text-editor\" data-id=\"036da80\" data-element_type=\"widget\" data-widget_type=\"text-editor.default\">\n\t\t\t\t<div class=\"elementor-widget-container\">\n\t\t\t\t\t\t\t\t\t<p>Zu verdanken ist es den Jugendlichen der Klassen 8a, 8b und 8c. Unter der Anleitung von Streetart-K\u00fcnstler Jan \u00bbArik\u00ab Franz aus Hamburg und Simon Stapper vom Jugendzentrum M\u00fchle haben sie das Bild entworfen und an die Wand gebracht.<br \/>\u00bbAngelo jedenfalls hat seine neue Leidenschaft entdeckt\u00ab, sagt Jan Franz lachend und zeigt auf den 15-J\u00e4hrigen, der hoch konzentriert mit der Spraydose hantiert. Angelo grinst und murmelt: \u00bbDas macht ja auch Spa\u00df!\u00ab Dann zeigt Franz ihm, wie er die \u00dcberg\u00e4nge noch ein bisschen besser gestalten kann, und der Sch\u00fcler macht sich wieder an die Arbeit: Jetzt bekommt die Sonne ihre Farbigkeit!<br \/>Die Turnhallenwand war schon zuvor von einem gro\u00dfen Wandbild geschm\u00fcckt: Es zeigte die Skyline einer Gro\u00dfstadt. Das Bild aber war in die Jahre gekommen und verblasst. Die Sch\u00fcler w\u00fcnschten sich au\u00dferdem ein anderes Motiv: eines, das mehr nach Urlaub ausschaut, eine Welt, in der man gerne lebt.<br \/>Aufgabe der rund 50 Jungen und M\u00e4dchen war es, sich zu \u00fcberlegen, wie die Schule sein soll, die sie besuchen wollen. Es ging dabei um Werte. Respekt, Vielseitigkeit, Freiheit \u2013 all&#8216; dies sind Werte, die den Jugendlichen wichtig sind. Das haben sie nun mit ihrem Bild sichtbar gemacht.<\/p>\t\t\t\t\t\t\t\t<\/div>\n\t\t\t\t<\/div>\n\t\t\t\t<div class=\"elementor-element elementor-element-80829a4 elementor-widget elementor-widget-text-editor\" data-id=\"80829a4\" data-element_type=\"widget\" data-widget_type=\"text-editor.default\">\n\t\t\t\t<div class=\"elementor-widget-container\">\n\t\t\t\t\t\t\t\t\t<h4><strong>Schulsozialp\u00e4dagoginnen und \u00bbRespekt Coaches\u00ab begleiten<br \/>Graffiti-Workshop<\/strong><\/h4>\t\t\t\t\t\t\t\t<\/div>\n\t\t\t\t<\/div>\n\t\t\t\t<div class=\"elementor-element elementor-element-4279e39 elementor-widget elementor-widget-text-editor\" data-id=\"4279e39\" data-element_type=\"widget\" data-widget_type=\"text-editor.default\">\n\t\t\t\t<div class=\"elementor-widget-container\">\n\t\t\t\t\t\t\t\t\t<p>\u00bbIch hoffe, dass es auch den anderen Sch\u00fclern gef\u00e4llt, die nicht beteiligt waren\u00ab, sagt Sch\u00fclerin Marlin: \u00bbWir haben uns M\u00fche gegeben!\u00ab Ihr war es wichtig, erz\u00e4hlt sie, dass es bei der Auswahl der Motive und Farben keinen Streit gibt. \u00bbDas haben wir geschafft. Es gab keinen Streit\u00ab, berichtet sie zufrieden.<\/p><p>Ziel erreicht, k\u00f6nnte man sagen \u2013 auch in Richtung der Schulsozialp\u00e4dagoginnen Miriam Souihi und Lena Feilke sowie der \u00bbRespekt Coaches\u00ab Jenny Bohr und Christina Schmidt vom Caritasverband Braunschweig.<br \/>\u00bbRespekt Coaches\u00ab: Das ist ein Bundesprogramm in der Tr\u00e4gerschaft der Jugendmigrationsdienste zur Vorbeugung von Extremismus, Rassismus und Menschenfeindlichkeit. Dabei geht es auch darum, das Klassenklima zu verbessern, um gegenseitiges Zuh\u00f6ren und einen respektvollen Umgang. Die \u00bbRespekt Coaches\u00ab haben das Projekt an der Hauptschule Sophienstra\u00dfe begleitet und mit rund 3700 Euro finanziert.<br \/>Eine Woche lang hat der Graffiti-Workshop gedauert, und die Jugendlichen haben ganz nebenbei viel \u00fcber Hip-Hop-Kultur, \u00fcber Streetart und verschiedene Graffiti-Grundschriften wie den Bubble Style gelernt. Dass es ihnen Spa\u00df gemacht hat, beweist auch diese Tatsache: Als die Schule aufgrund der Hitze eher endete, sind einige freiwillig geblieben, um das Kunstwerk zu vollenden. Chapeau!<\/p>\t\t\t\t\t\t\t\t<\/div>\n\t\t\t\t<\/div>\n\t\t\t\t<div class=\"elementor-element elementor-element-9a5d810 elementor-widget elementor-widget-image\" data-id=\"9a5d810\" data-element_type=\"widget\" data-widget_type=\"image.default\">\n\t\t\t\t<div class=\"elementor-widget-container\">\n\t\t\t\t\t\t\t\t\t\t\t\t\t\t\t<img decoding=\"async\" width=\"816\" height=\"460\" src=\"https:\/\/hs-sophienstrasse.de\/wp-content\/uploads\/2024\/09\/spraying_turnhalle_2.png\" class=\"attachment-full size-full wp-image-1296\" alt=\"\" srcset=\"https:\/\/hs-sophienstrasse.de\/wp-content\/uploads\/2024\/09\/spraying_turnhalle_2.png 816w, https:\/\/hs-sophienstrasse.de\/wp-content\/uploads\/2024\/09\/spraying_turnhalle_2-300x169.png 300w, https:\/\/hs-sophienstrasse.de\/wp-content\/uploads\/2024\/09\/spraying_turnhalle_2-768x433.png 768w\" sizes=\"(max-width: 816px) 100vw, 816px\" \/>\t\t\t\t\t\t\t\t\t\t\t\t\t\t\t<\/div>\n\t\t\t\t<\/div>\n\t\t\t\t<div class=\"elementor-element elementor-element-c58c48c elementor-widget elementor-widget-text-editor\" data-id=\"c58c48c\" data-element_type=\"widget\" data-widget_type=\"text-editor.default\">\n\t\t\t\t<div class=\"elementor-widget-container\">\n\t\t\t\t\t\t\t\t\t<p style=\"text-align: left;\"><a href=\"https:\/\/www.der-loewe.info\/author\/ralph-herbert-meyer\">So sieht das fertige Graf\ufb01ti-Kunstwerk zum Thema Respekt und Vielseitigkeit an der Turnhallen-Wand auf dem Schulfhof der Hauptschule Sophienstra\u00dfe aus.<br \/>\u00a9 regios24 | Stefan Lohmann<\/a><\/p>\t\t\t\t\t\t\t\t<\/div>\n\t\t\t\t<\/div>\n\t\t\t\t<div class=\"elementor-element elementor-element-c6731b1 elementor-widget-mobile__width-inherit elementor-widget-divider--view-line elementor-widget elementor-widget-divider\" data-id=\"c6731b1\" data-element_type=\"widget\" data-widget_type=\"divider.default\">\n\t\t\t\t<div class=\"elementor-widget-container\">\n\t\t\t\t\t\t\t<div class=\"elementor-divider\">\n\t\t\t<span class=\"elementor-divider-separator\">\n\t\t\t\t\t\t<\/span>\n\t\t<\/div>\n\t\t\t\t\t\t<\/div>\n\t\t\t\t<\/div>\n\t\t\t\t\t<\/div>\n\t\t<\/div>\n\t\t\t\t\t<\/div>\n\t\t<\/section>\n\t\t\t\t<\/div>\n\t\t","protected":false},"excerpt":{"rendered":"<p>Braunschweiger Zeitung vom 7. September 2024 Dieses Graffiti haben Hauptsch\u00fcler in Braunschweig gesprayt Unter Anleitung von K\u00fcnstler Jan \u00bbArik\u00ab Franz aus Hamburg (mit M\u00fctze) sprayten Sch\u00fclerinnen und Sch\u00fcler der Hauptschule Sophienstra\u00dfe ein gro\u00dfes Graffiti-Kunstwerk an die Au\u00dfenwand ihrer Sporthalle.\u00a9 regios24 | Stefan Lohmann Von Katja Dartsch Braunschweig. Auf dem Schulhof der Hauptschule Sophienstra\u00dfe prangtnun ein [&hellip;]<\/p>\n","protected":false},"author":1,"featured_media":0,"parent":0,"menu_order":0,"comment_status":"closed","ping_status":"closed","template":"","meta":{"site-sidebar-layout":"no-sidebar","site-content-layout":"page-builder","ast-site-content-layout":"full-width-container","site-content-style":"unboxed","site-sidebar-style":"unboxed","ast-global-header-display":"","ast-banner-title-visibility":"","ast-main-header-display":"","ast-hfb-above-header-display":"","ast-hfb-below-header-display":"","ast-hfb-mobile-header-display":"","site-post-title":"disabled","ast-breadcrumbs-content":"disabled","ast-featured-img":"disabled","footer-sml-layout":"","theme-transparent-header-meta":"default","adv-header-id-meta":"","stick-header-meta":"","header-above-stick-meta":"","header-main-stick-meta":"","header-below-stick-meta":"","astra-migrate-meta-layouts":"set","ast-page-background-enabled":"default","ast-page-background-meta":{"desktop":{"background-color":"","background-image":"","background-repeat":"repeat","background-position":"center center","background-size":"auto","background-attachment":"scroll","background-type":"","background-media":"","overlay-type":"","overlay-color":"","overlay-opacity":"","overlay-gradient":""},"tablet":{"background-color":"","background-image":"","background-repeat":"repeat","background-position":"center center","background-size":"auto","background-attachment":"scroll","background-type":"","background-media":"","overlay-type":"","overlay-color":"","overlay-opacity":"","overlay-gradient":""},"mobile":{"background-color":"","background-image":"","background-repeat":"repeat","background-position":"center center","background-size":"auto","background-attachment":"scroll","background-type":"","background-media":"","overlay-type":"","overlay-color":"","overlay-opacity":"","overlay-gradient":""}},"ast-content-background-meta":{"desktop":{"background-color":"var(--ast-global-color-5)","background-image":"","background-repeat":"repeat","background-position":"center center","background-size":"auto","background-attachment":"scroll","background-type":"","background-media":"","overlay-type":"","overlay-color":"","overlay-opacity":"","overlay-gradient":""},"tablet":{"background-color":"var(--ast-global-color-5)","background-image":"","background-repeat":"repeat","background-position":"center center","background-size":"auto","background-attachment":"scroll","background-type":"","background-media":"","overlay-type":"","overlay-color":"","overlay-opacity":"","overlay-gradient":""},"mobile":{"background-color":"var(--ast-global-color-5)","background-image":"","background-repeat":"repeat","background-position":"center center","background-size":"auto","background-attachment":"scroll","background-type":"","background-media":"","overlay-type":"","overlay-color":"","overlay-opacity":"","overlay-gradient":""}},"footnotes":""},"class_list":["post-1295","page","type-page","status-publish","hentry"],"_links":{"self":[{"href":"https:\/\/hs-sophienstrasse.de\/index.php\/wp-json\/wp\/v2\/pages\/1295","targetHints":{"allow":["GET"]}}],"collection":[{"href":"https:\/\/hs-sophienstrasse.de\/index.php\/wp-json\/wp\/v2\/pages"}],"about":[{"href":"https:\/\/hs-sophienstrasse.de\/index.php\/wp-json\/wp\/v2\/types\/page"}],"author":[{"embeddable":true,"href":"https:\/\/hs-sophienstrasse.de\/index.php\/wp-json\/wp\/v2\/users\/1"}],"replies":[{"embeddable":true,"href":"https:\/\/hs-sophienstrasse.de\/index.php\/wp-json\/wp\/v2\/comments?post=1295"}],"version-history":[{"count":10,"href":"https:\/\/hs-sophienstrasse.de\/index.php\/wp-json\/wp\/v2\/pages\/1295\/revisions"}],"predecessor-version":[{"id":1443,"href":"https:\/\/hs-sophienstrasse.de\/index.php\/wp-json\/wp\/v2\/pages\/1295\/revisions\/1443"}],"wp:attachment":[{"href":"https:\/\/hs-sophienstrasse.de\/index.php\/wp-json\/wp\/v2\/media?parent=1295"}],"curies":[{"name":"wp","href":"https:\/\/api.w.org\/{rel}","templated":true}]}}